{"id":6705,"date":"2024-12-20T23:09:48","date_gmt":"2024-12-20T23:09:48","guid":{"rendered":"https:\/\/satoru.com.mx\/?post_type=product&#038;p=6705"},"modified":"2024-12-20T23:43:58","modified_gmt":"2024-12-20T23:43:58","slug":"jin-ramen-instantaneo-veggie-multibolsa-4-piezas-110-g-c-u","status":"publish","type":"product","link":"https:\/\/satoru.com.mx\/?product=jin-ramen-instantaneo-veggie-multibolsa-4-piezas-110-g-c-u","title":{"rendered":"Jin Ramen Instant\u00e1neo Veggie Multibolsa 4 piezas 110 g c\/u"},"content":{"rendered":"<p>Ottogi Jin Ramen Veggie es un ramen caldoso con autenticaci\u00f3n vegana, elaborado en Corea del Sur. Este producto contiene una mezcla de 10 tipos de verduras: repollo, bok choy, champi\u00f1ones, cebolla, zanahoria, ajo, cebolla verde, pimiento rojo, r\u00e1bano y jengibre, que aportan un sabor aut\u00e9ntico y una experiencia culinaria \u00fanica.<\/p>\n","protected":false},"excerpt":{"rendered":"<p>Ottogi Jin Ramen Veggie es un ramen caldoso con autenticaci\u00f3n vegana, elaborado en Corea del Sur. Este producto contiene una mezcla de 10 tipos de verduras: repollo, bok choy, champi\u00f1ones, cebolla, zanahoria, ajo, cebolla verde, pimiento rojo, r\u00e1bano y jengibre, que aportan un sabor aut\u00e9ntico y una experiencia culinaria \u00fanica.<\/p>\n","protected":false},"featured_media":0,"comment_status":"open","ping_status":"closed","template":"","meta":{"_uf_show_specific_survey":0,"_uf_disable_surveys":false},"product_cat":[18],"product_tag":[],"aioseo_notices":[],"jetpack_sharing_enabled":true,"_links":{"self":[{"href":"https:\/\/satoru.com.mx\/index.php?rest_route=\/wp\/v2\/product\/6705"}],"collection":[{"href":"https:\/\/satoru.com.mx\/index.php?rest_route=\/wp\/v2\/product"}],"about":[{"href":"https:\/\/satoru.com.mx\/index.php?rest_route=\/wp\/v2\/types\/product"}],"replies":[{"embeddable":true,"href":"https:\/\/satoru.com.mx\/index.php?rest_route=%2Fwp%2Fv2%2Fcomments&post=6705"}],"wp:attachment":[{"href":"https:\/\/satoru.com.mx\/index.php?rest_route=%2Fwp%2Fv2%2Fmedia&parent=6705"}],"wp:term":[{"taxonomy":"product_cat","embeddable":true,"href":"https:\/\/satoru.com.mx\/index.php?rest_route=%2Fwp%2Fv2%2Fproduct_cat&post=6705"},{"taxonomy":"product_tag","embeddable":true,"href":"https:\/\/satoru.com.mx\/index.php?rest_route=%2Fwp%2Fv2%2Fproduct_tag&post=6705"}],"curies":[{"name":"wp","href":"https:\/\/api.w.org\/{rel}","templated":true}]}}