{"id":6556,"date":"2024-09-11T22:50:47","date_gmt":"2024-09-11T22:50:47","guid":{"rendered":"https:\/\/satoru.com.mx\/?post_type=product&#038;p=6556"},"modified":"2024-11-12T18:06:59","modified_gmt":"2024-11-12T18:06:59","slug":"pan-molido-japones-panko-750g","status":"publish","type":"product","link":"https:\/\/satoru.com.mx\/?product=pan-molido-japones-panko-750g","title":{"rendered":"Pan Molido Japon\u00e9s Panko 750g"},"content":{"rendered":"<p>Este empanizador en hojuelas japon\u00e9s te permitir\u00e1 darle un toque diferente y m\u00e1s crujiente a tus platillos. El Panko Satoru de 750 gramos te ayudar\u00e1 a preparar una gran variedad de recetas orientales con su textura ligera y crocante.<\/p>\n<p>Absorbe menos grasa que el pan molido com\u00fan y puede usarse para empanizar carnes, verduras, pescado y queso. Dale un nuevo sabor a tus recetas con este empanizador de hojuelas hecho con una mezcla de ingredientes de alta calidad, que seguramente encantar\u00e1 a toda tu familia con su versatilidad y textura crujiente. Con el Panko Satoru podr\u00e1s preparar deliciosos alimentos empanizados que har\u00e1n las delicias de tus seres queridos.<\/p>\n<p>\u00a1Pru\u00e9balo y comprueba la diferencia!<\/p>\n","protected":false},"excerpt":{"rendered":"<p>Contenido: 750 gr de Panko, empanizador en hojuelas japon\u00e9s<\/p>\n<p>Este empanizador en hojuelas japon\u00e9s te permitir\u00e1 darle un toque diferente y m\u00e1s crujiente a tus platillos. El Panko Satoru de 750 gramos te ayudar\u00e1 a preparar una gran variedad de recetas orientales con su textura ligera y crocante.<\/p>\n<p>Absorbe menos grasa que el pan molido com\u00fan y puede usarse para empanizar carnes, verduras, pescado y queso. Dale un nuevo sabor a tus recetas con este empanizador de hojuelas hecho con una mezcla de ingredientes de alta calidad, que seguramente encantar\u00e1 a toda tu familia con su versatilidad y textura crujiente. Con el Panko Satoru podr\u00e1s preparar deliciosos alimentos empanizados que har\u00e1n las delicias de tus seres queridos.<\/p>\n<p>\u00a1Pru\u00e9balo y comprueba la diferencia!<\/p>\n","protected":false},"featured_media":6564,"comment_status":"closed","ping_status":"closed","template":"","meta":{"_uf_show_specific_survey":0,"_uf_disable_surveys":false},"product_cat":[331],"product_tag":[332,333,334],"aioseo_notices":[],"jetpack_sharing_enabled":true,"_links":{"self":[{"href":"https:\/\/satoru.com.mx\/index.php?rest_route=\/wp\/v2\/product\/6556"}],"collection":[{"href":"https:\/\/satoru.com.mx\/index.php?rest_route=\/wp\/v2\/product"}],"about":[{"href":"https:\/\/satoru.com.mx\/index.php?rest_route=\/wp\/v2\/types\/product"}],"replies":[{"embeddable":true,"href":"https:\/\/satoru.com.mx\/index.php?rest_route=%2Fwp%2Fv2%2Fcomments&post=6556"}],"wp:featuredmedia":[{"embeddable":true,"href":"https:\/\/satoru.com.mx\/index.php?rest_route=\/wp\/v2\/media\/6564"}],"wp:attachment":[{"href":"https:\/\/satoru.com.mx\/index.php?rest_route=%2Fwp%2Fv2%2Fmedia&parent=6556"}],"wp:term":[{"taxonomy":"product_cat","embeddable":true,"href":"https:\/\/satoru.com.mx\/index.php?rest_route=%2Fwp%2Fv2%2Fproduct_cat&post=6556"},{"taxonomy":"product_tag","embeddable":true,"href":"https:\/\/satoru.com.mx\/index.php?rest_route=%2Fwp%2Fv2%2Fproduct_tag&post=6556"}],"curies":[{"name":"wp","href":"https:\/\/api.w.org\/{rel}","templated":true}]}}