{"id":6429,"date":"2024-05-28T23:04:36","date_gmt":"2024-05-28T23:04:36","guid":{"rendered":"https:\/\/satoru.com.mx\/?post_type=product&#038;p=6429"},"modified":"2026-01-29T05:05:07","modified_gmt":"2026-01-29T05:05:07","slug":"ramen-instantaneo-ottogi-picante-120g","status":"publish","type":"product","link":"https:\/\/satoru.com.mx\/?product=ramen-instantaneo-ottogi-picante-120g","title":{"rendered":"Ramen Instant\u00e1neo Ottogi Picante 120g"},"content":{"rendered":"<p>1 pieza de ramen de 120g Ottogi.<\/p>\n<p>Disfruta de una sopa instant\u00e1nea con un sabor \u00fanico a res picante, acompa\u00f1ada de hojuelas de verduras que enriquecen cada bocado.<\/p>\n<p>Ingredientes: Tallarines (harina de trigo, aceite de palma, f\u00e9cula de papa, ma\u00edz en polvo, sal, lecitina, huevo, carbonato de potasio, riboflavina, extracto de cebolla en polvo, carbonato de sodio, gluten). Sazonador: sal, az\u00facar, glucosa, polvo de pasta de soya, pimiento rojo, pimienta negra, extracto de champi\u00f1\u00f3n en polvo, pimiento, jengibre, succinato dis\u00f3dico, extracto de carne de res en polvo. Condimentos: Vegetales secos (Cebolla, champi\u00f1\u00f3n, chile rojo en polvo y col china).<\/p>\n<p>Contiene: Huevo, soja y gluten.<\/p>\n<p>Modo de Preparaci\u00f3n:<br \/>\n1.- Hervir 1 1\/2 tazas de agua (550ml).<br \/>\n2.- Agregue fideos, cocine 4 a 5 minutos.<br \/>\n3.- Agregue los condimentos y mezcle. Listo para comer.<\/p>\n","protected":false},"excerpt":{"rendered":"<p>Disfruta de una sopa instant\u00e1nea con un sabor \u00fanico a res picante, acompa\u00f1ada de hojuelas de verduras que enriquecen cada bocado.<\/p>\n","protected":false},"featured_media":6435,"comment_status":"open","ping_status":"closed","template":"","meta":{"_uf_show_specific_survey":0,"_uf_disable_surveys":false},"product_cat":[18],"product_tag":[],"aioseo_notices":[],"jetpack_sharing_enabled":true,"_links":{"self":[{"href":"https:\/\/satoru.com.mx\/index.php?rest_route=\/wp\/v2\/product\/6429"}],"collection":[{"href":"https:\/\/satoru.com.mx\/index.php?rest_route=\/wp\/v2\/product"}],"about":[{"href":"https:\/\/satoru.com.mx\/index.php?rest_route=\/wp\/v2\/types\/product"}],"replies":[{"embeddable":true,"href":"https:\/\/satoru.com.mx\/index.php?rest_route=%2Fwp%2Fv2%2Fcomments&post=6429"}],"wp:featuredmedia":[{"embeddable":true,"href":"https:\/\/satoru.com.mx\/index.php?rest_route=\/wp\/v2\/media\/6435"}],"wp:attachment":[{"href":"https:\/\/satoru.com.mx\/index.php?rest_route=%2Fwp%2Fv2%2Fmedia&parent=6429"}],"wp:term":[{"taxonomy":"product_cat","embeddable":true,"href":"https:\/\/satoru.com.mx\/index.php?rest_route=%2Fwp%2Fv2%2Fproduct_cat&post=6429"},{"taxonomy":"product_tag","embeddable":true,"href":"https:\/\/satoru.com.mx\/index.php?rest_route=%2Fwp%2Fv2%2Fproduct_tag&post=6429"}],"curies":[{"name":"wp","href":"https:\/\/api.w.org\/{rel}","templated":true}]}}