{"id":6425,"date":"2024-05-27T23:51:56","date_gmt":"2024-05-27T23:51:56","guid":{"rendered":"https:\/\/satoru.com.mx\/?post_type=product&#038;p=6425"},"modified":"2024-11-27T22:36:08","modified_gmt":"2024-11-27T22:36:08","slug":"papilla-oriental-instantanea","status":"publish","type":"product","link":"https:\/\/satoru.com.mx\/?product=papilla-oriental-instantanea","title":{"rendered":"Papilla Oriental Instantanea"},"content":{"rendered":"<p>Papilla Oriental Instantanea<\/p>\n<p>Contiene:<br \/>\n1 pieza papilla de carne con hongos 33 grs<\/p>\n<p>\u00a1Descubre la magia de la cocina asi\u00e1tica en la comodidad de tu hogar con nuestra Papilla Oriental! Esta deliciosa mezcla de carne con hongos, ajonjol\u00ed y nuez te transportar\u00e1 a los arom\u00e1ticos mercados del Lejano Oriente con cada bocado.<\/p>\n<p>Presentada en una pr\u00e1ctica presentaci\u00f3n deshidratada y molida, preparar nuestra Papilla Oriental es tan f\u00e1cil como a\u00f1adir agua caliente y mezclar. En cuesti\u00f3n de minutos, disfrutar\u00e1s de una comida llena de sabor y nutrici\u00f3n.<\/p>\n<p>Cada porci\u00f3n est\u00e1 cuidadosamente equilibrada con ingredientes de la m\u00e1s alta calidad, asegurando un fest\u00edn para tus sentidos y un impulso de energ\u00eda para tu d\u00eda. Ya sea para una comida r\u00e1pida entre semana o una experiencia culinaria especial, nuestra Papilla Oriental es la elecci\u00f3n perfecta.<\/p>\n<p>Haz de cada comida una aventura culinaria con la Papilla Oriental. \u00a1A\u00f1\u00e1dela a tu carrito hoy mismo y deja que los sabores del Lejano Oriente invadan tu cocina!<\/p>\n<p>Almacenar en lugar fresco y seco.<\/p>\n","protected":false},"excerpt":{"rendered":"<p>Papilla Oriental Instantanea \u00a1Lista para comer!<\/p>\n","protected":false},"featured_media":6426,"comment_status":"open","ping_status":"closed","template":"","meta":{"_uf_show_specific_survey":0,"_uf_disable_surveys":false},"product_cat":[264],"product_tag":[],"aioseo_notices":[],"jetpack_sharing_enabled":true,"_links":{"self":[{"href":"https:\/\/satoru.com.mx\/index.php?rest_route=\/wp\/v2\/product\/6425"}],"collection":[{"href":"https:\/\/satoru.com.mx\/index.php?rest_route=\/wp\/v2\/product"}],"about":[{"href":"https:\/\/satoru.com.mx\/index.php?rest_route=\/wp\/v2\/types\/product"}],"replies":[{"embeddable":true,"href":"https:\/\/satoru.com.mx\/index.php?rest_route=%2Fwp%2Fv2%2Fcomments&post=6425"}],"wp:featuredmedia":[{"embeddable":true,"href":"https:\/\/satoru.com.mx\/index.php?rest_route=\/wp\/v2\/media\/6426"}],"wp:attachment":[{"href":"https:\/\/satoru.com.mx\/index.php?rest_route=%2Fwp%2Fv2%2Fmedia&parent=6425"}],"wp:term":[{"taxonomy":"product_cat","embeddable":true,"href":"https:\/\/satoru.com.mx\/index.php?rest_route=%2Fwp%2Fv2%2Fproduct_cat&post=6425"},{"taxonomy":"product_tag","embeddable":true,"href":"https:\/\/satoru.com.mx\/index.php?rest_route=%2Fwp%2Fv2%2Fproduct_tag&post=6425"}],"curies":[{"name":"wp","href":"https:\/\/api.w.org\/{rel}","templated":true}]}}