{"id":5341,"date":"2024-03-12T16:11:28","date_gmt":"2024-03-12T16:11:28","guid":{"rendered":"https:\/\/satoru.com.mx\/?product=sushi-maker-kit-utensilios-para-preparar-sushi-12-piezas"},"modified":"2024-11-12T18:06:57","modified_gmt":"2024-11-12T18:06:57","slug":"sushi-maker-kit-utensilios-para-preparar-sushi-12-piezas","status":"publish","type":"product","link":"https:\/\/satoru.com.mx\/?product=sushi-maker-kit-utensilios-para-preparar-sushi-12-piezas","title":{"rendered":"Sushi maker kit &#8211; Utensilios para preparar Sushi (12 piezas)"},"content":{"rendered":"<p>Contenido:<br \/>\n1 Makisu (tapete de bamb\u00fa)<br \/>\n1 Shamoji (pala de Bamb\u00fa para mezclar el arroz)<br \/>\n5 Pares de Ohashi<br \/>\n5 Entrenadores (facilitan el uso de los palillos)<\/p>\n<p>Este producto no contiene sellos ni leyendas.<\/p>\n<p>\u00bfQuieres preparar Sushi en casa, pero crees que es complicado adquirir todos los utensilios necesarios No te compliques m\u00e1s y conoce nuestro Sushi Maker Kit, encontrar\u00e1s en un solo paquete todos los utensilios para preparar Sushi.<\/p>\n<p>Preparar\u00e1s tus rollos de manera sencilla, con mejor presentaci\u00f3n y tus platillos quedar\u00e1n deliciosos.<br \/>\nEl Sushi Maker incluye 1 Makisu (tapete de bamb\u00fa) y 1 Shamoji (Pala de bamb\u00fa) para que puedas integrar el vinagre cuidando que el arroz no quede batido, y con la ayuda del tapete de bamb\u00fa podr\u00e1s enrollarlo de forma adecuada, adem\u00e1s, incluye 5 pares de Ohashi. As\u00ed\u00ad contar\u00e1s con los palillos necesarios para compartir tu Sushi con m\u00e1s invitados y disfrutar una grata experiencia con tu familia y amigos.<\/p>\n","protected":false},"excerpt":{"rendered":"<p>Contenido:<br \/>\n1 Makisu (tapete de bamb\u00fa)<br \/>\n1 Shamoji (pala de Bamb\u00fa para mezclar el arroz)<br \/>\n5 Pares de Ohashi<br \/>\n5 Entrenadores (facilitan el uso de los palillos)<\/p>\n<p>Este producto no contiene sellos ni leyendas.<\/p>\n<p>\u00bfQuieres preparar Sushi en casa, pero crees que es complicado adquirir todos los utensilios necesarios No te compliques m\u00e1s y conoce nuestro Sushi Maker Kit, encontrar\u00e1s en un solo paquete todos los utensilios para preparar Sushi.<\/p>\n<p>Preparar\u00e1s tus rollos de manera sencilla, con mejor presentaci\u00f3n y tus platillos quedar\u00e1n deliciosos.<br \/>\nEl Sushi Maker incluye 1 Makisu (tapete de bamb\u00fa) y 1 Shamoji (Pala de bamb\u00fa) para que puedas integrar el vinagre cuidando que el arroz no quede batido, y con la ayuda del tapete de bamb\u00fa podr\u00e1s enrollarlo de forma adecuada, adem\u00e1s, incluye 5 pares de Ohashi. As\u00ed\u00ad contar\u00e1s con los palillos necesarios para compartir tu Sushi con m\u00e1s invitados y disfrutar una grata experiencia con tu familia y amigos.<\/p>\n","protected":false},"featured_media":6400,"comment_status":"closed","ping_status":"closed","template":"","meta":{"_uf_show_specific_survey":0,"_uf_disable_surveys":false},"product_cat":[277],"product_tag":[385],"aioseo_notices":[],"jetpack_sharing_enabled":true,"_links":{"self":[{"href":"https:\/\/satoru.com.mx\/index.php?rest_route=\/wp\/v2\/product\/5341"}],"collection":[{"href":"https:\/\/satoru.com.mx\/index.php?rest_route=\/wp\/v2\/product"}],"about":[{"href":"https:\/\/satoru.com.mx\/index.php?rest_route=\/wp\/v2\/types\/product"}],"replies":[{"embeddable":true,"href":"https:\/\/satoru.com.mx\/index.php?rest_route=%2Fwp%2Fv2%2Fcomments&post=5341"}],"wp:featuredmedia":[{"embeddable":true,"href":"https:\/\/satoru.com.mx\/index.php?rest_route=\/wp\/v2\/media\/6400"}],"wp:attachment":[{"href":"https:\/\/satoru.com.mx\/index.php?rest_route=%2Fwp%2Fv2%2Fmedia&parent=5341"}],"wp:term":[{"taxonomy":"product_cat","embeddable":true,"href":"https:\/\/satoru.com.mx\/index.php?rest_route=%2Fwp%2Fv2%2Fproduct_cat&post=5341"},{"taxonomy":"product_tag","embeddable":true,"href":"https:\/\/satoru.com.mx\/index.php?rest_route=%2Fwp%2Fv2%2Fproduct_tag&post=5341"}],"curies":[{"name":"wp","href":"https:\/\/api.w.org\/{rel}","templated":true}]}}