{"id":5340,"date":"2024-03-12T16:11:28","date_gmt":"2024-03-12T16:11:28","guid":{"rendered":"https:\/\/satoru.com.mx\/?product=sushi-kit-satoru-como-lo-viste-en-shark-tank"},"modified":"2025-01-19T01:11:18","modified_gmt":"2025-01-19T01:11:18","slug":"sushi-kit-satoru-como-lo-viste-en-shark-tank","status":"publish","type":"product","link":"https:\/\/satoru.com.mx\/?product=sushi-kit-satoru-como-lo-viste-en-shark-tank","title":{"rendered":"Sushi Kit Satoru como lo viste en Shark Tank"},"content":{"rendered":"<p>Rinde para 8 personas, considerando que cada una se coma 1 rollo.<\/p>\n<p>Si buscas nuevas alternativas de platillos para ti y tu familia, con nuestro Sushi Kit descubre la forma m\u00e1s f\u00e1cil, r\u00e1pida y saludable de preparar nuevos platillos.<\/p>\n<p>El Sushi Kit de Satoru incluye todos los ingredientes necesarios para preparar 8 rollos. No tienes que comprar ingrediente por ingrediente y dejas de invertir tiempo buscando en diferentes lugares.<\/p>\n<p>Incluye Arroz para Sushi cocido, listo para ser calentado \u00fanicamente en microondas y usarse al instante. Olv\u00ed\u00addate de los tiempos de cocci\u00f3n del arroz y ocupa ese tiempo para momentos de calidad con tu familia y amigos. Adem\u00e1s, cuenta con 8 mitades de Nori (Alga) y un Makisu (tapete de bamb\u00fa) para que puedas hacer tu Sushi con la forma adecuada.<\/p>\n<p>Preparar\u00e1s tus rollos de forma sencilla, con mejor presentaci\u00f3n y tus platillos quedar\u00e1n deliciosos. Tambi\u00e9n incluye un Shamoji (Pala de bamb\u00fa) y 6 pares de Ohashi (palillos de madera), as\u00ed\u00ad contar\u00e1s con los utensilios suficientes para preparar y compartir tu Sushi con m\u00e1s invitados, disfrutando de una grata experiencia con tus personas favoritas.<\/p>\n<p>No esperes m\u00e1s y vive la Sushi Experiencia de una forma pr\u00e1ctica y divertida, \u00a1C\u00f3mpralo ahora!<\/p>\n","protected":false},"excerpt":{"rendered":"<p><strong>CONTENIDO:<\/strong><br \/>\nPaquete de arroz cocido blanco de 420g<br \/>\nPaquete de arroz cocido morado de 420g<br \/>\n4 Galletas de la suerte<br \/>\n6 Pares de Ohashi<br \/>\n2 Sobres de vinagre de arroz de 50ml c\/u<br \/>\n8 Sobres de salsa Ponzu de 5.5ml c\/u (salsa de soya preparada)<br \/>\n8 mitades de Nori (Alga) de 10.5&#215;19.5cm aprox.<br \/>\n1 Makisu (tapete de bamb\u00fa)<\/p>\n","protected":false},"featured_media":6321,"comment_status":"closed","ping_status":"closed","template":"","meta":{"_uf_show_specific_survey":0,"_uf_disable_surveys":false},"product_cat":[320],"product_tag":[384,321,322],"aioseo_notices":[],"jetpack_sharing_enabled":true,"_links":{"self":[{"href":"https:\/\/satoru.com.mx\/index.php?rest_route=\/wp\/v2\/product\/5340"}],"collection":[{"href":"https:\/\/satoru.com.mx\/index.php?rest_route=\/wp\/v2\/product"}],"about":[{"href":"https:\/\/satoru.com.mx\/index.php?rest_route=\/wp\/v2\/types\/product"}],"replies":[{"embeddable":true,"href":"https:\/\/satoru.com.mx\/index.php?rest_route=%2Fwp%2Fv2%2Fcomments&post=5340"}],"wp:featuredmedia":[{"embeddable":true,"href":"https:\/\/satoru.com.mx\/index.php?rest_route=\/wp\/v2\/media\/6321"}],"wp:attachment":[{"href":"https:\/\/satoru.com.mx\/index.php?rest_route=%2Fwp%2Fv2%2Fmedia&parent=5340"}],"wp:term":[{"taxonomy":"product_cat","embeddable":true,"href":"https:\/\/satoru.com.mx\/index.php?rest_route=%2Fwp%2Fv2%2Fproduct_cat&post=5340"},{"taxonomy":"product_tag","embeddable":true,"href":"https:\/\/satoru.com.mx\/index.php?rest_route=%2Fwp%2Fv2%2Fproduct_tag&post=5340"}],"curies":[{"name":"wp","href":"https:\/\/api.w.org\/{rel}","templated":true}]}}