{"id":5332,"date":"2024-03-12T16:11:27","date_gmt":"2024-03-12T16:11:27","guid":{"rendered":"https:\/\/satoru.com.mx\/?product=salsa-de-soya-preparada-con-citricos-ponzu-de-20-litros"},"modified":"2026-02-11T21:19:48","modified_gmt":"2026-02-11T21:19:48","slug":"salsa-de-soya-preparada-con-citricos-ponzu-de-20-litros","status":"publish","type":"product","link":"https:\/\/satoru.com.mx\/?product=salsa-de-soya-preparada-con-citricos-ponzu-de-20-litros","title":{"rendered":"Salsa de Soya preparada con c\u00edtricos (Ponzu) de 20 Litros."},"content":{"rendered":"<p>Salsa de Soya Preparada Ponzu de 20 Litros.<\/p>\n<p>La salsa de soya es unos de los condimentos que m\u00e1s beneficios nos aporta a nuestro organismo ya que contiene gran variedad de nutrientes. En ella podemos encontrar prote\u00ednas y fibra se usa como sazonador para diferentes platillos, es baja en calor\u00ed\u00adas y es ideal para acompa\u00f1ar verduras, arroz, empanizados, carnes, sushi, etc. con un toque de sabor a c\u00edtricos.<\/p>\n","protected":false},"excerpt":{"rendered":"<p>2 Bidones de Salsa de Soya Preparada Ponzu de 10 Litros cada uno.<\/p>\n<p>La salsa de soya es unos de los condimentos que m\u00e1s beneficios nos aporta a nuestro organismo ya que contiene gran variedad de nutrientes. En ella podemos encontrar prote\u00ednas y fibra se usa como sazonador para diferentes platillos, es baja en calor\u00ed\u00adas y es ideal para acompa\u00f1ar verduras, arroz, empanizados, carnes, sushi, etc. con un toque de sabor a c\u00edtricos.<\/p>\n","protected":false},"featured_media":6843,"comment_status":"closed","ping_status":"closed","template":"","meta":{"_uf_show_specific_survey":0,"_uf_disable_surveys":false},"product_cat":[19],"product_tag":[381],"aioseo_notices":[],"jetpack_sharing_enabled":true,"_links":{"self":[{"href":"https:\/\/satoru.com.mx\/index.php?rest_route=\/wp\/v2\/product\/5332"}],"collection":[{"href":"https:\/\/satoru.com.mx\/index.php?rest_route=\/wp\/v2\/product"}],"about":[{"href":"https:\/\/satoru.com.mx\/index.php?rest_route=\/wp\/v2\/types\/product"}],"replies":[{"embeddable":true,"href":"https:\/\/satoru.com.mx\/index.php?rest_route=%2Fwp%2Fv2%2Fcomments&post=5332"}],"wp:featuredmedia":[{"embeddable":true,"href":"https:\/\/satoru.com.mx\/index.php?rest_route=\/wp\/v2\/media\/6843"}],"wp:attachment":[{"href":"https:\/\/satoru.com.mx\/index.php?rest_route=%2Fwp%2Fv2%2Fmedia&parent=5332"}],"wp:term":[{"taxonomy":"product_cat","embeddable":true,"href":"https:\/\/satoru.com.mx\/index.php?rest_route=%2Fwp%2Fv2%2Fproduct_cat&post=5332"},{"taxonomy":"product_tag","embeddable":true,"href":"https:\/\/satoru.com.mx\/index.php?rest_route=%2Fwp%2Fv2%2Fproduct_tag&post=5332"}],"curies":[{"name":"wp","href":"https:\/\/api.w.org\/{rel}","templated":true}]}}