{"id":5331,"date":"2024-03-12T16:11:27","date_gmt":"2024-03-12T16:11:27","guid":{"rendered":"https:\/\/satoru.com.mx\/?product=salsa-de-soya-preparada-con-citricos-ponzu-5-litros"},"modified":"2025-10-27T17:01:19","modified_gmt":"2025-10-27T17:01:19","slug":"salsa-de-soya-preparada-con-citricos-ponzu-5-litros","status":"publish","type":"product","link":"https:\/\/satoru.com.mx\/?product=salsa-de-soya-preparada-con-citricos-ponzu-5-litros","title":{"rendered":"Salsa de soya preparada con c\u00edtricos (ponzu) 5 litros"},"content":{"rendered":"<p>Bid\u00f3n de salsa de soya preparada ponzu de 5 litros<\/p>\n<p>La salsa de soya es unos de los condimentos que m\u00e1s beneficios, nos aporta a nuestro organismo ya que contiene gran variedad de nutrientes. En ella podemos encontrar prote\u00ed\u00adnas y fibra se usa como sazonador para diferentes platillos, es baja en calor\u00edas y es ideal para acompa\u00f1ar verduras, arroz, empanizados, carnes, sushi, etc. con un toque de sabor a c\u00edtricos.<\/p>\n","protected":false},"excerpt":{"rendered":"<p>Bid\u00f3n de salsa de soya preparada ponzu de 5 litros<\/p>\n<p>La salsa de soya es unos de los condimentos que m\u00e1s beneficios, nos aporta a nuestro organismo ya que contiene gran variedad de nutrientes. En ella podemos encontrar prote\u00ed\u00adnas y fibra se usa como sazonador para diferentes platillos, es baja en calor\u00edas y es ideal para acompa\u00f1ar verduras, arroz, empanizados, carnes, sushi, etc. con un toque de sabor a c\u00edtricos.<\/p>\n","protected":false},"featured_media":6629,"comment_status":"closed","ping_status":"closed","template":"","meta":{"_uf_show_specific_survey":0,"_uf_disable_surveys":false},"product_cat":[19],"product_tag":[381],"aioseo_notices":[],"jetpack_sharing_enabled":true,"_links":{"self":[{"href":"https:\/\/satoru.com.mx\/index.php?rest_route=\/wp\/v2\/product\/5331"}],"collection":[{"href":"https:\/\/satoru.com.mx\/index.php?rest_route=\/wp\/v2\/product"}],"about":[{"href":"https:\/\/satoru.com.mx\/index.php?rest_route=\/wp\/v2\/types\/product"}],"replies":[{"embeddable":true,"href":"https:\/\/satoru.com.mx\/index.php?rest_route=%2Fwp%2Fv2%2Fcomments&post=5331"}],"wp:featuredmedia":[{"embeddable":true,"href":"https:\/\/satoru.com.mx\/index.php?rest_route=\/wp\/v2\/media\/6629"}],"wp:attachment":[{"href":"https:\/\/satoru.com.mx\/index.php?rest_route=%2Fwp%2Fv2%2Fmedia&parent=5331"}],"wp:term":[{"taxonomy":"product_cat","embeddable":true,"href":"https:\/\/satoru.com.mx\/index.php?rest_route=%2Fwp%2Fv2%2Fproduct_cat&post=5331"},{"taxonomy":"product_tag","embeddable":true,"href":"https:\/\/satoru.com.mx\/index.php?rest_route=%2Fwp%2Fv2%2Fproduct_tag&post=5331"}],"curies":[{"name":"wp","href":"https:\/\/api.w.org\/{rel}","templated":true}]}}