{"id":5329,"date":"2024-03-12T16:11:26","date_gmt":"2024-03-12T16:11:26","guid":{"rendered":"https:\/\/satoru.com.mx\/?product=salsa-de-soya-natural-de-20-litros"},"modified":"2025-07-21T21:46:53","modified_gmt":"2025-07-21T21:46:53","slug":"salsa-de-soya-natural-de-20-litros","status":"publish","type":"product","link":"https:\/\/satoru.com.mx\/?product=salsa-de-soya-natural-de-20-litros","title":{"rendered":"Salsa de Soya Natural de 20 Litros (4 bidones de 5 litros)"},"content":{"rendered":"<p>1 Bid\u00f3n de Salsa de Soya Natural de 20 Litros <\/p>\n<p>La salsa de soya es unos de los condimentos que m\u00e1s beneficios nos aporta a nuestro organismo ya que contiene gran variedad de nutrientes. En ella podemos encontrar prote\u00ednas y fibra, se usa como sazonador para diferentes platillos y es baja en calor\u00ed\u00adas. <\/p>\n<p>Ideal para acompa\u00f1ar verduras, arroz, empanizados, carnes, sushi, etc.<br \/>\nINGREDIENTES: Prote\u00ed\u00adna de soya y trigo, agua, color caramelo, sal yodada, menos de 1\/10 de 1% de sorbato de potasio como conservador.<\/p>\n","protected":false},"excerpt":{"rendered":"<p>1 Bid\u00f3n de Salsa de Soya Natural de 20 Litros <\/p>\n<p>La salsa de soya es unos de los condimentos que m\u00e1s beneficios nos aporta a nuestro organismo ya que contiene gran variedad de nutrientes. En ella podemos encontrar prote\u00ednas y fibra, se usa como sazonador para diferentes platillos y es baja en calor\u00ed\u00adas. <\/p>\n<p>Ideal para acompa\u00f1ar verduras, arroz, empanizados, carnes, sushi, etc.<br \/>\nINGREDIENTES: Prote\u00ed\u00adna de soya y trigo, agua, color caramelo, sal yodada, menos de 1\/10 de 1% de sorbato de potasio como conservador.<\/p>\n","protected":false},"featured_media":0,"comment_status":"closed","ping_status":"closed","template":"","meta":{"_uf_show_specific_survey":0,"_uf_disable_surveys":false},"product_cat":[19],"product_tag":[381],"aioseo_notices":[],"jetpack_sharing_enabled":true,"_links":{"self":[{"href":"https:\/\/satoru.com.mx\/index.php?rest_route=\/wp\/v2\/product\/5329"}],"collection":[{"href":"https:\/\/satoru.com.mx\/index.php?rest_route=\/wp\/v2\/product"}],"about":[{"href":"https:\/\/satoru.com.mx\/index.php?rest_route=\/wp\/v2\/types\/product"}],"replies":[{"embeddable":true,"href":"https:\/\/satoru.com.mx\/index.php?rest_route=%2Fwp%2Fv2%2Fcomments&post=5329"}],"wp:attachment":[{"href":"https:\/\/satoru.com.mx\/index.php?rest_route=%2Fwp%2Fv2%2Fmedia&parent=5329"}],"wp:term":[{"taxonomy":"product_cat","embeddable":true,"href":"https:\/\/satoru.com.mx\/index.php?rest_route=%2Fwp%2Fv2%2Fproduct_cat&post=5329"},{"taxonomy":"product_tag","embeddable":true,"href":"https:\/\/satoru.com.mx\/index.php?rest_route=%2Fwp%2Fv2%2Fproduct_tag&post=5329"}],"curies":[{"name":"wp","href":"https:\/\/api.w.org\/{rel}","templated":true}]}}