{"id":5327,"date":"2024-03-12T16:11:26","date_gmt":"2024-03-12T16:11:26","guid":{"rendered":"https:\/\/satoru.com.mx\/?product=salsa-de-soya-de-275-ml"},"modified":"2024-11-12T18:06:57","modified_gmt":"2024-11-12T18:06:57","slug":"salsa-de-soya-de-275-ml","status":"publish","type":"product","link":"https:\/\/satoru.com.mx\/?product=salsa-de-soya-de-275-ml","title":{"rendered":"Salsa de Soya de 275 ml"},"content":{"rendered":"<p>CONTENIDO: 275 ml. de Salsa de Soya.<\/p>\n<p>\u00bfTe gustar\u00eda preparar nuevos y deliciosos platillos? Prueba nuestra salsa de soya y toda la l\u00ednea de productos Orientales para hacer Sushi que Satoru tiene para ti. La Salsa de Soya es uno de los aderezos m\u00e1s populares de la cocina japonesa y Oriental, y se utiliza como sazonador para diferentes platillos. \u00a1Dale un toque diferente y delicioso a tus alimentos! \u00a1Una salsa muy vers\u00e1til! Es ideal para acompa\u00f1ar verduras, arroz, empanizados, carnes, Sushi, etc. Prepara una gran variedad de platillos deliciosos para ti y toda tu familia. \u00a1Hazlo Saludable! Es uno de los condimentos con m\u00e1s beneficios, contiene una gran variedad de nutrientes, de prote\u00ednas y fibra. Para que puedas preparar alimentos balanceados y deliciosos. No dejes de probar nuestra l\u00ed\u00adnea de alimentos orientales, y vive una Sushi Experiencia agradable con tus personas favoritas. \u00a1Compra tu Salsa de Soya aqu\u00ed\u00ad!<\/p>\n","protected":false},"excerpt":{"rendered":"<p>CONTENIDO: 275 ml. de Salsa de Soya.<\/p>\n<p>\u00bfTe gustar\u00eda preparar nuevos y deliciosos platillos? Prueba nuestra salsa de soya y toda la l\u00ednea de productos Orientales para hacer Sushi que Satoru tiene para ti. La Salsa de Soya es uno de los aderezos m\u00e1s populares de la cocina japonesa y Oriental, y se utiliza como sazonador para diferentes platillos. \u00a1Dale un toque diferente y delicioso a tus alimentos! \u00a1Una salsa muy vers\u00e1til! Es ideal para acompa\u00f1ar verduras, arroz, empanizados, carnes, Sushi, etc. Prepara una gran variedad de platillos deliciosos para ti y toda tu familia. \u00a1Hazlo Saludable! Es uno de los condimentos con m\u00e1s beneficios, contiene una gran variedad de nutrientes, de prote\u00ednas y fibra. Para que puedas preparar alimentos balanceados y deliciosos. No dejes de probar nuestra l\u00ed\u00adnea de alimentos orientales, y vive una Sushi Experiencia agradable con tus personas favoritas. \u00a1Compra tu Salsa de Soya aqu\u00ed\u00ad!<\/p>\n","protected":false},"featured_media":6620,"comment_status":"closed","ping_status":"closed","template":"","meta":{"_uf_show_specific_survey":0,"_uf_disable_surveys":false},"product_cat":[19],"product_tag":[381],"aioseo_notices":[],"jetpack_sharing_enabled":true,"_links":{"self":[{"href":"https:\/\/satoru.com.mx\/index.php?rest_route=\/wp\/v2\/product\/5327"}],"collection":[{"href":"https:\/\/satoru.com.mx\/index.php?rest_route=\/wp\/v2\/product"}],"about":[{"href":"https:\/\/satoru.com.mx\/index.php?rest_route=\/wp\/v2\/types\/product"}],"replies":[{"embeddable":true,"href":"https:\/\/satoru.com.mx\/index.php?rest_route=%2Fwp%2Fv2%2Fcomments&post=5327"}],"wp:featuredmedia":[{"embeddable":true,"href":"https:\/\/satoru.com.mx\/index.php?rest_route=\/wp\/v2\/media\/6620"}],"wp:attachment":[{"href":"https:\/\/satoru.com.mx\/index.php?rest_route=%2Fwp%2Fv2%2Fmedia&parent=5327"}],"wp:term":[{"taxonomy":"product_cat","embeddable":true,"href":"https:\/\/satoru.com.mx\/index.php?rest_route=%2Fwp%2Fv2%2Fproduct_cat&post=5327"},{"taxonomy":"product_tag","embeddable":true,"href":"https:\/\/satoru.com.mx\/index.php?rest_route=%2Fwp%2Fv2%2Fproduct_tag&post=5327"}],"curies":[{"name":"wp","href":"https:\/\/api.w.org\/{rel}","templated":true}]}}