{"id":5325,"date":"2024-03-12T16:11:26","date_gmt":"2024-03-12T16:11:26","guid":{"rendered":"https:\/\/satoru.com.mx\/?product=sake-hide-junmai-vino-de-arroz-de-350-ml"},"modified":"2026-01-23T16:16:30","modified_gmt":"2026-01-23T16:16:30","slug":"sake-hide-junmai-vino-de-arroz-de-350-ml","status":"publish","type":"product","link":"https:\/\/satoru.com.mx\/?product=sake-hide-junmai-vino-de-arroz-de-350-ml","title":{"rendered":"Sake Hide JUNMAI, Vino de Arroz de 350 ml"},"content":{"rendered":"<p>Descubre Sake Hide &#8211; &#8220;El Sabor de Jap\u00f3n&#8221;<\/p>\n<p>Hide es un sake tradicional japon\u00e9s estilo JUNMAI, perfecto para acompa\u00f1ar con platillos condimentados o sushi. Conoce su nueva presentaci\u00f3n en botella con cabeza de Samurai.<\/p>\n<p>Disfruta la aut\u00e9ntica experiencia japonesa y comparte el momento con sake (vino de arroz).<\/p>\n<p>S\u00edrvase fr\u00edo o ligeramente caliente.<\/p>\n<p>Alc. Vol.: 15%<\/p>\n<p>EVITE EL EXCESO<br \/>\nPROHIBIDA SU VENTA A MENORES DE 18 A\u00d1OS<\/p>\n","protected":false},"excerpt":{"rendered":"<p>Descubre Sake Hide &#8211; &#8220;El Sabor de Jap\u00f3n&#8221;<\/p>\n<p>Hide es un sake tradicional japon\u00e9s estilo JUNMAI, perfecto para maridar con platillos condimentados o sushi. Conoce su nueva presentaci\u00f3n en botella con cabeza de Samurai.<\/p>\n<p>Disfruta la aut\u00e9ntica experiencia japonesa y comparte el momento con sake (vino de arroz).<\/p>\n<p>S\u00edrvase fr\u00edo o ligeramente caliente.<\/p>\n<p>Alc. Vol.: 15%<\/p>\n<p>EVITE EL EXCESO<br \/>\nPROHIBIDA SU VENTA A MENORES DE 18 A\u00d1OS<\/p>\n","protected":false},"featured_media":6495,"comment_status":"closed","ping_status":"closed","template":"","meta":{"_uf_show_specific_survey":0,"_uf_disable_surveys":false},"product_cat":[273],"product_tag":[380],"aioseo_notices":[],"jetpack_sharing_enabled":true,"_links":{"self":[{"href":"https:\/\/satoru.com.mx\/index.php?rest_route=\/wp\/v2\/product\/5325"}],"collection":[{"href":"https:\/\/satoru.com.mx\/index.php?rest_route=\/wp\/v2\/product"}],"about":[{"href":"https:\/\/satoru.com.mx\/index.php?rest_route=\/wp\/v2\/types\/product"}],"replies":[{"embeddable":true,"href":"https:\/\/satoru.com.mx\/index.php?rest_route=%2Fwp%2Fv2%2Fcomments&post=5325"}],"wp:featuredmedia":[{"embeddable":true,"href":"https:\/\/satoru.com.mx\/index.php?rest_route=\/wp\/v2\/media\/6495"}],"wp:attachment":[{"href":"https:\/\/satoru.com.mx\/index.php?rest_route=%2Fwp%2Fv2%2Fmedia&parent=5325"}],"wp:term":[{"taxonomy":"product_cat","embeddable":true,"href":"https:\/\/satoru.com.mx\/index.php?rest_route=%2Fwp%2Fv2%2Fproduct_cat&post=5325"},{"taxonomy":"product_tag","embeddable":true,"href":"https:\/\/satoru.com.mx\/index.php?rest_route=%2Fwp%2Fv2%2Fproduct_tag&post=5325"}],"curies":[{"name":"wp","href":"https:\/\/api.w.org\/{rel}","templated":true}]}}