{"id":5322,"date":"2024-03-12T16:11:25","date_gmt":"2024-03-12T16:11:25","guid":{"rendered":"https:\/\/satoru.com.mx\/?product=quinoa-cocida-de-150g"},"modified":"2025-08-23T19:29:08","modified_gmt":"2025-08-23T19:29:08","slug":"quinoa-cocida-de-150g","status":"publish","type":"product","link":"https:\/\/satoru.com.mx\/?product=quinoa-cocida-de-150g","title":{"rendered":"Quinoa Cocida de 150g"},"content":{"rendered":"<p>La Quinoa, es considerada Superalimento, es una fuente de antioxidantes y nutrientes esenciales para un adecuado funcionamiento fisiol\u00f3gico. Nuestra Quinoa ya viene Cocida por lo que preparar platillos es m\u00e1s r\u00e1pido y sencillo.<\/p>\n","protected":false},"excerpt":{"rendered":"<p><strong>CONTENIDO: 150g de Quinoa Cocida <em>(Chenopodium quinoa)<\/em><\/strong><\/p>\n<p>Si buscas preparar nuevos platillos, y sobre todo alimentos con alto valor nutrimental, te recomendamos probar nuestra Quinoa Cocida. La Quinoa, es considerada un Superfood (Superalimento), por ser una fuente superior de antioxidantes y nutrientes esenciales. Ya viene Cocida por lo que preparar platillos es m\u00e1s r\u00e1pido y sencillo. Ahorra tiempo preparando tus platillos.<\/p>\n","protected":false},"featured_media":4454,"comment_status":"closed","ping_status":"closed","template":"","meta":{"_uf_show_specific_survey":0,"_uf_disable_surveys":false},"product_cat":[264,252],"product_tag":[267,361,362],"aioseo_notices":[],"jetpack_sharing_enabled":true,"_links":{"self":[{"href":"https:\/\/satoru.com.mx\/index.php?rest_route=\/wp\/v2\/product\/5322"}],"collection":[{"href":"https:\/\/satoru.com.mx\/index.php?rest_route=\/wp\/v2\/product"}],"about":[{"href":"https:\/\/satoru.com.mx\/index.php?rest_route=\/wp\/v2\/types\/product"}],"replies":[{"embeddable":true,"href":"https:\/\/satoru.com.mx\/index.php?rest_route=%2Fwp%2Fv2%2Fcomments&post=5322"}],"wp:featuredmedia":[{"embeddable":true,"href":"https:\/\/satoru.com.mx\/index.php?rest_route=\/wp\/v2\/media\/4454"}],"wp:attachment":[{"href":"https:\/\/satoru.com.mx\/index.php?rest_route=%2Fwp%2Fv2%2Fmedia&parent=5322"}],"wp:term":[{"taxonomy":"product_cat","embeddable":true,"href":"https:\/\/satoru.com.mx\/index.php?rest_route=%2Fwp%2Fv2%2Fproduct_cat&post=5322"},{"taxonomy":"product_tag","embeddable":true,"href":"https:\/\/satoru.com.mx\/index.php?rest_route=%2Fwp%2Fv2%2Fproduct_tag&post=5322"}],"curies":[{"name":"wp","href":"https:\/\/api.w.org\/{rel}","templated":true}]}}