{"id":5321,"date":"2024-03-12T16:11:25","date_gmt":"2024-03-12T16:11:25","guid":{"rendered":"https:\/\/satoru.com.mx\/?product=popotes-de-bambu-reutilizables-15-piezas"},"modified":"2025-03-21T23:08:37","modified_gmt":"2025-03-21T23:08:37","slug":"popotes-de-bambu-reutilizables-15-piezas","status":"publish","type":"product","link":"https:\/\/satoru.com.mx\/?product=popotes-de-bambu-reutilizables-15-piezas","title":{"rendered":"Popotes de Bamb\u00fa reutilizables (15 piezas)"},"content":{"rendered":"<p>El paquete incluye 15 Popotes de bamb\u00fa 100% org\u00e1nico reutilizables, as\u00ed como 3 cepillos para facilitar su limpieza. <\/p>\n<p>Al elegir popotes de bamb\u00fa en lugar de pl\u00e1stico derivado de petr\u00f3leo, est\u00e1s eligiendo un estilo de vida m\u00e1s ecol\u00f3gico. Los popotes reutilizables se pueden lavar en lavavajillas y secar bien antes de volver a usar.<\/p>\n<p>Por ser un producto natural, cada popote es \u00fanico en color y en tama\u00f1o.<\/p>\n","protected":false},"excerpt":{"rendered":"<p>El paquete incluye 15 Popotes de bamb\u00fa 100% org\u00e1nico reutilizables, as\u00ed como 3 cepillos para facilitar su limpieza. <\/p>\n<p>Al elegir popotes de bamb\u00fa en lugar de pl\u00e1stico derivado de petr\u00f3leo, est\u00e1s eligiendo un estilo de vida m\u00e1s ecol\u00f3gico. Los popotes reutilizables se pueden lavar en lavavajillas y secar bien antes de volver a usar.<\/p>\n<p>Por ser un producto natural, cada popote es \u00fanico en color y en tama\u00f1o.<\/p>\n","protected":false},"featured_media":0,"comment_status":"closed","ping_status":"closed","template":"","meta":{"_uf_show_specific_survey":0,"_uf_disable_surveys":false},"product_cat":[277],"product_tag":[377],"aioseo_notices":[],"jetpack_sharing_enabled":true,"_links":{"self":[{"href":"https:\/\/satoru.com.mx\/index.php?rest_route=\/wp\/v2\/product\/5321"}],"collection":[{"href":"https:\/\/satoru.com.mx\/index.php?rest_route=\/wp\/v2\/product"}],"about":[{"href":"https:\/\/satoru.com.mx\/index.php?rest_route=\/wp\/v2\/types\/product"}],"replies":[{"embeddable":true,"href":"https:\/\/satoru.com.mx\/index.php?rest_route=%2Fwp%2Fv2%2Fcomments&post=5321"}],"wp:attachment":[{"href":"https:\/\/satoru.com.mx\/index.php?rest_route=%2Fwp%2Fv2%2Fmedia&parent=5321"}],"wp:term":[{"taxonomy":"product_cat","embeddable":true,"href":"https:\/\/satoru.com.mx\/index.php?rest_route=%2Fwp%2Fv2%2Fproduct_cat&post=5321"},{"taxonomy":"product_tag","embeddable":true,"href":"https:\/\/satoru.com.mx\/index.php?rest_route=%2Fwp%2Fv2%2Fproduct_tag&post=5321"}],"curies":[{"name":"wp","href":"https:\/\/api.w.org\/{rel}","templated":true}]}}