{"id":5311,"date":"2024-03-12T16:11:24","date_gmt":"2024-03-12T16:11:24","guid":{"rendered":"https:\/\/satoru.com.mx\/?product=paquete-sushi-mexicano-satoru"},"modified":"2024-11-12T18:06:54","modified_gmt":"2024-11-12T18:06:54","slug":"paquete-sushi-mexicano-satoru","status":"publish","type":"product","link":"https:\/\/satoru.com.mx\/?product=paquete-sushi-mexicano-satoru","title":{"rendered":"Paquete Sushi Mexicano Satoru"},"content":{"rendered":"<p>Festeja estas fiestas Patrias con un toque oriental , prepara sushi con nuestro arroz sin sabor a\u00f1adido en color rojo y verde, termina la decoraci\u00f3n con ajonjol\u00ed\u00ad y disfruta de una opci\u00f3n m\u00e1s para tus platillos durante estas festividades.<\/p>\n<p>El paquete contiene:<br \/>\n1 PAQUETE DE ARROZ PARA SUSHI GRANO MEDIO 700 GRS<br \/>\n1 PAQUETE DE ARROZ PARA SUSHI GRANO MEDIO COLOR VERDE 300 GRS<br \/>\n1 PAQUETE DE ARROZ PARA SUSHI GRANO MEDIO COLOR ROJO 300 GRS<br \/>\n1 PIEZA DE VINAGRE DE ARROZ 275 ML<br \/>\n1 PIEZA DE SALSA DE SOYA PONZUPZA DE 275 GRS S<br \/>\n1 PIEZA DE AJONJOLI RAINBOW ROJO 75 GRS<br \/>\n1 PIEZA DE AJONJOLI RAINBOW VERDE 75 GRS<br \/>\n1 PAQUETE DE ALGA MARINA DESHIDRATADA NORI\u00a0DE 10 HOJAS<\/p>\n","protected":false},"excerpt":{"rendered":"<p>Festeja estas fiestas Patrias con un toque oriental , prepara sushi con nuestro arroz sin sabor a\u00f1adido en color rojo y verde, termina la decoraci\u00f3n con ajonjol\u00ed\u00ad y disfruta de una opci\u00f3n m\u00e1s para tus platillos durante estas festividades.<\/p>\n<p>El paquete contiene:<br \/>\n1 PAQUETE DE ARROZ PARA SUSHI GRANO MEDIO 700 GRS<br \/>\n1 PAQUETE DE ARROZ PARA SUSHI GRANO MEDIO COLOR VERDE 300 GRS<br \/>\n1 PAQUETE DE ARROZ PARA SUSHI GRANO MEDIO COLOR ROJO 300 GRS<br \/>\n1 PIEZA DE VINAGRE DE ARROZ 275 ML<br \/>\n1 PIEZA DE SALSA DE SOYA PONZUPZA DE 275 GRS S<br \/>\n1 PIEZA DE AJONJOLI RAINBOW ROJO 75 GRS<br \/>\n1 PIEZA DE AJONJOLI RAINBOW VERDE 75 GRS<br \/>\n1 PAQUETE DE ALGA MARINA DESHIDRATADA NORI\u00a0DE 10 HOJAS<\/p>\n","protected":false},"featured_media":3994,"comment_status":"closed","ping_status":"closed","template":"","meta":{"_uf_show_specific_survey":0,"_uf_disable_surveys":false},"product_cat":[320],"product_tag":[323,324,321,322,280],"aioseo_notices":[],"jetpack_sharing_enabled":true,"_links":{"self":[{"href":"https:\/\/satoru.com.mx\/index.php?rest_route=\/wp\/v2\/product\/5311"}],"collection":[{"href":"https:\/\/satoru.com.mx\/index.php?rest_route=\/wp\/v2\/product"}],"about":[{"href":"https:\/\/satoru.com.mx\/index.php?rest_route=\/wp\/v2\/types\/product"}],"replies":[{"embeddable":true,"href":"https:\/\/satoru.com.mx\/index.php?rest_route=%2Fwp%2Fv2%2Fcomments&post=5311"}],"wp:featuredmedia":[{"embeddable":true,"href":"https:\/\/satoru.com.mx\/index.php?rest_route=\/wp\/v2\/media\/3994"}],"wp:attachment":[{"href":"https:\/\/satoru.com.mx\/index.php?rest_route=%2Fwp%2Fv2%2Fmedia&parent=5311"}],"wp:term":[{"taxonomy":"product_cat","embeddable":true,"href":"https:\/\/satoru.com.mx\/index.php?rest_route=%2Fwp%2Fv2%2Fproduct_cat&post=5311"},{"taxonomy":"product_tag","embeddable":true,"href":"https:\/\/satoru.com.mx\/index.php?rest_route=%2Fwp%2Fv2%2Fproduct_tag&post=5311"}],"curies":[{"name":"wp","href":"https:\/\/api.w.org\/{rel}","templated":true}]}}