{"id":5309,"date":"2024-03-12T16:11:23","date_gmt":"2024-03-12T16:11:23","guid":{"rendered":"https:\/\/satoru.com.mx\/?product=paquete-para-sushi-alga-vinagre-arroz-utensilios-y-ponzu"},"modified":"2025-06-02T20:36:52","modified_gmt":"2025-06-02T20:36:52","slug":"paquete-para-sushi-alga-vinagre-arroz-utensilios-y-ponzu","status":"publish","type":"product","link":"https:\/\/satoru.com.mx\/?product=paquete-para-sushi-alga-vinagre-arroz-utensilios-y-ponzu","title":{"rendered":"Paquete Para Sushi Alga, Vinagre, Arroz, Utensilios Y Ponzu"},"content":{"rendered":"<p>Paquete Para Hacer Sushi SATORU!<br \/>\nEste paquete Incluye:<br \/>\n2 Paquete con 10 Hojas de Alga Nori de 28g c\/u (Aprox) Satoru<br \/>\nCajita de Arroz japon\u00e9s de grano Medio de 700g Satoru<br \/>\n1 Botella con Vinagre de Arroz 275ml Satoru<br \/>\n1 Paquete con Utensilios de 12 pz Satoru<br \/>\n1 Botella de Salsa de Soya con C\u00ed\u00adtricos Ponzu de 275ml<br \/>\n\u00a1A UN SUPER PRECIO!!!<br \/>\nCon este gran paquete tendr\u00e1s lo necesario para hacer rollos de sushi donde quiera que est\u00e9s, es f\u00e1cil y muy divertido!<br \/>\nEl paquete Incluye:<br \/>\n2 Paquetes de Alga Marina (Nori) c\/10 Hojas Satoru<br \/>\n1 Pieza de Arroz para Sushi 700g Satoru<br \/>\n1 Botella de Vinagre de arroz de 275ml Satoru<br \/>\n1 Botella de Salsa de soya con c\u00ed\u00adtricos (Ponzu) 275ml Satoru<br \/>\n1 Pieza de Kit de utensilios para preparar ushi &#8220;Sushi Maker&#8221; Satoru<\/p>\n<p>El kit de utensilios para preprarar Sushi incluye:<br \/>\n1 Makisu (tapete de bamb\u00fa)<br \/>\n1 Shamoji (pala de bamb\u00fa \u00fatil para mezclar el arroz)<br \/>\n5 Pares de Ohashi de madera<br \/>\n5 Entrenadores (facilitan el uso de los palillos)<\/p>\n","protected":false},"excerpt":{"rendered":"<p>Paquete Para Hacer Sushi SATORU!<br \/>\nEste paquete Incluye:<br \/>\n2 Paquete con 10 Hojas de Alga Nori de 28g c\/u (Aprox) Satoru<br \/>\nCajita de Arroz japon\u00e9s de grano Medio de 700g Satoru<br \/>\n1 Botella con Vinagre de Arroz 275ml Satoru<br \/>\n1 Paquete con Utensilios de 12 pz Satoru<br \/>\n1 Botella de Salsa de Soya con C\u00ed\u00adtricos Ponzu de 275ml<br \/>\n\u00a1A UN SUPER PRECIO!!!<br \/>\nCon este gran paquete tendr\u00e1s lo necesario para hacer rollos de sushi donde quiera que est\u00e9s, es f\u00e1cil y muy divertido!<br \/>\nEl paquete Incluye:<br \/>\n2 Paquetes de Alga Marina (Nori) c\/10 Hojas Satoru<br \/>\n1 Pieza de Arroz para Sushi 700g Satoru<br \/>\n1 Botella de Vinagre de arroz de 275ml Satoru<br \/>\n1 Botella de Salsa de soya con c\u00ed\u00adtricos (Ponzu) 275ml Satoru<br \/>\n1 Pieza de Kit de utensilios para preparar ushi &#8220;Sushi Maker&#8221; Satoru<\/p>\n<p>El kit de utensilios para preprarar Sushi incluye:<br \/>\n1 Makisu (tapete de bamb\u00fa)<br \/>\n1 Shamoji (pala de bamb\u00fa \u00fatil para mezclar el arroz)<br \/>\n5 Pares de Ohashi de madera<br \/>\n5 Entrenadores (facilitan el uso de los palillos)<\/p>\n","protected":false},"featured_media":4054,"comment_status":"closed","ping_status":"closed","template":"","meta":{"_uf_show_specific_survey":0,"_uf_disable_surveys":false},"product_cat":[320],"product_tag":[323,324,321,322,280],"aioseo_notices":[],"jetpack_sharing_enabled":true,"_links":{"self":[{"href":"https:\/\/satoru.com.mx\/index.php?rest_route=\/wp\/v2\/product\/5309"}],"collection":[{"href":"https:\/\/satoru.com.mx\/index.php?rest_route=\/wp\/v2\/product"}],"about":[{"href":"https:\/\/satoru.com.mx\/index.php?rest_route=\/wp\/v2\/types\/product"}],"replies":[{"embeddable":true,"href":"https:\/\/satoru.com.mx\/index.php?rest_route=%2Fwp%2Fv2%2Fcomments&post=5309"}],"wp:featuredmedia":[{"embeddable":true,"href":"https:\/\/satoru.com.mx\/index.php?rest_route=\/wp\/v2\/media\/4054"}],"wp:attachment":[{"href":"https:\/\/satoru.com.mx\/index.php?rest_route=%2Fwp%2Fv2%2Fmedia&parent=5309"}],"wp:term":[{"taxonomy":"product_cat","embeddable":true,"href":"https:\/\/satoru.com.mx\/index.php?rest_route=%2Fwp%2Fv2%2Fproduct_cat&post=5309"},{"taxonomy":"product_tag","embeddable":true,"href":"https:\/\/satoru.com.mx\/index.php?rest_route=%2Fwp%2Fv2%2Fproduct_tag&post=5309"}],"curies":[{"name":"wp","href":"https:\/\/api.w.org\/{rel}","templated":true}]}}