{"id":5308,"date":"2024-03-12T16:11:23","date_gmt":"2024-03-12T16:11:23","guid":{"rendered":"https:\/\/satoru.com.mx\/?product=paquete-para-preparar-ramen-satoru"},"modified":"2024-11-12T18:06:54","modified_gmt":"2024-11-12T18:06:54","slug":"paquete-para-preparar-ramen-satoru","status":"publish","type":"product","link":"https:\/\/satoru.com.mx\/?product=paquete-para-preparar-ramen-satoru","title":{"rendered":"Paquete para preparar Ramen Satoru"},"content":{"rendered":"<p>\u00bfListo para empezar a cocinar? El PAQUETE DE RAMEN est\u00e1 aqu\u00ed para ayudar. Contiene todos los elementos b\u00e1sicos necesarios para preparar hasta 6 porciones de ramen, \u00a1incluido el postre! Ya sea que est\u00e9s cocinando para ti o para toda su familia, este paquete tiene todos los elementos esenciales para cocinar cualquier tipo de ramen que desees. Con solo unos pocos pasos y una olla de agua hirviendo, estar\u00e1s listo para comer. <\/p>\n<p>Este paquete contiene:<br \/>\n2 piezas PTSAT-09 RAMEN CHUKASOBA 170 GRS SATORU<br \/>\n1 pieza NORI10HOJAS ALGA MARINA DESHIDRATADA NORI 10 PZS SATORU<br \/>\n1 pieza OHAMPO10 PALILLOS DE BAMBU OHASHI 8 PIEZAS MORIMOTO<br \/>\n1 pieza SOYAPONZUPZA SALSA PONZU 275 GRS SATORU<br \/>\n1 pieza HON-04 HONGO SHIITAKE 80 GRS SATORU<br \/>\n1 pieza GOM02 GOMITAS DE SABOR UVA \/ MANGO 120 GR<br \/>\n*La presentaci\u00f3n de los empaques puede variar de acuerdo a la disponibilidad de inventario.<\/p>\n","protected":false},"excerpt":{"rendered":"<p>\u00bfListo para empezar a cocinar? El PAQUETE DE RAMEN est\u00e1 aqu\u00ed para ayudar. Contiene todos los elementos b\u00e1sicos necesarios para preparar hasta 6 porciones de ramen, \u00a1incluido el postre! Ya sea que est\u00e9s cocinando para ti o para toda su familia, este paquete tiene todos los elementos esenciales para cocinar cualquier tipo de ramen que desees. Con solo unos pocos pasos y una olla de agua hirviendo, estar\u00e1s listo para comer. <\/p>\n<p>Este paquete contiene:<br \/>\n2 piezas PTSAT-09 RAMEN CHUKASOBA 170 GRS SATORU<br \/>\n1 pieza NORI10HOJAS ALGA MARINA DESHIDRATADA NORI 10 PZS SATORU<br \/>\n1 pieza OHAMPO10 PALILLOS DE BAMBU OHASHI 8 PIEZAS MORIMOTO<br \/>\n1 pieza SOYAPONZUPZA SALSA PONZU 275 GRS SATORU<br \/>\n1 pieza HON-04 HONGO SHIITAKE 80 GRS SATORU<br \/>\n1 pieza GOM02 GOMITAS DE SABOR UVA \/ MANGO 120 GR<br \/>\n*La presentaci\u00f3n de los empaques puede variar de acuerdo a la disponibilidad de inventario.<\/p>\n","protected":false},"featured_media":4069,"comment_status":"closed","ping_status":"closed","template":"","meta":{"_uf_show_specific_survey":0,"_uf_disable_surveys":false},"product_cat":[331,305],"product_tag":[323,324,321,322],"aioseo_notices":[],"jetpack_sharing_enabled":true,"_links":{"self":[{"href":"https:\/\/satoru.com.mx\/index.php?rest_route=\/wp\/v2\/product\/5308"}],"collection":[{"href":"https:\/\/satoru.com.mx\/index.php?rest_route=\/wp\/v2\/product"}],"about":[{"href":"https:\/\/satoru.com.mx\/index.php?rest_route=\/wp\/v2\/types\/product"}],"replies":[{"embeddable":true,"href":"https:\/\/satoru.com.mx\/index.php?rest_route=%2Fwp%2Fv2%2Fcomments&post=5308"}],"wp:featuredmedia":[{"embeddable":true,"href":"https:\/\/satoru.com.mx\/index.php?rest_route=\/wp\/v2\/media\/4069"}],"wp:attachment":[{"href":"https:\/\/satoru.com.mx\/index.php?rest_route=%2Fwp%2Fv2%2Fmedia&parent=5308"}],"wp:term":[{"taxonomy":"product_cat","embeddable":true,"href":"https:\/\/satoru.com.mx\/index.php?rest_route=%2Fwp%2Fv2%2Fproduct_cat&post=5308"},{"taxonomy":"product_tag","embeddable":true,"href":"https:\/\/satoru.com.mx\/index.php?rest_route=%2Fwp%2Fv2%2Fproduct_tag&post=5308"}],"curies":[{"name":"wp","href":"https:\/\/api.w.org\/{rel}","templated":true}]}}