{"id":5294,"date":"2024-03-12T16:11:17","date_gmt":"2024-03-12T16:11:17","guid":{"rendered":"https:\/\/satoru.com.mx\/?product=paquete-de-pasta-udon-satoru-de-4-piezas-de-270g-c-u"},"modified":"2025-10-04T03:10:59","modified_gmt":"2025-10-04T03:10:59","slug":"paquete-de-pasta-udon-satoru-de-4-piezas-de-270g-c-u","status":"publish","type":"product","link":"https:\/\/satoru.com.mx\/?product=paquete-de-pasta-udon-satoru-de-4-piezas-de-270g-c-u","title":{"rendered":"Paquete de pasta Ud\u00f3n Satoru de 4 Piezas de 270g c\/u"},"content":{"rendered":"<p>Contiene 4 piezas de Udon Satoru 270g<\/p>\n<p>Sorprende a toda tu familia preparando nuevas recetas desde tu casa. Prueba nuestra Pasta Udon, y descubre una alternativa F\u00e1cil y Saludable para preparar nuevos platillos deliciosos. Conoce nuestra Pasta Udon, es un tipo de fideo grueso hecho de harina, popular en la comida japonesa. \u00a1Prepara una gran variedad de platillos en tu cocina diaria! \u00a1Ideal para diferentes platillos Orientales!<br \/>\nNormalmente se utiliza para preparar Yakiudon o como base del caldo Dashi, se puede servir en platos calientes o fr\u00ed\u00ados, con o sin caldo, y con o sin cebolla verde. Definitivamente deliciosa y muy vers\u00e1til para tus recetas. \u00a1F\u00e1cil de preparar! Pasta seca de r\u00e1pida cocci\u00f3n, hierve 1 litro de agua, agrega tu pasta de 10 a 15 minutos a fuego medio (el tiempo de cocci\u00f3n puede variar). As\u00ed\u00ad de r\u00e1pido y sin complicaciones. No dejes de probar esta deliciosa y saludable alternativa y vive la Sushi Experiencia con Satoru. \u00a1Haz tu pedido de Pasta Udon aqu\u00ed<\/p>\n","protected":false},"excerpt":{"rendered":"<p>Contiene 4 piezas de Udon Satoru 270g<\/p>\n<p>Sorprende a toda tu familia preparando nuevas recetas desde tu casa. Prueba nuestra Pasta Udon, y descubre una alternativa F\u00e1cil y Saludable para preparar nuevos platillos deliciosos. Conoce nuestra Pasta Udon, es un tipo de fideo grueso hecho de harina, popular en la comida japonesa. \u00a1Prepara una gran variedad de platillos en tu cocina diaria! \u00a1Ideal para diferentes platillos Orientales!<br \/>\nNormalmente se utiliza para preparar Yakiudon o como base del caldo Dashi, se puede servir en platos calientes o fr\u00ed\u00ados, con o sin caldo, y con o sin cebolla verde. Definitivamente deliciosa y muy vers\u00e1til para tus recetas. \u00a1F\u00e1cil de preparar! Pasta seca de r\u00e1pida cocci\u00f3n, hierve 1 litro de agua, agrega tu pasta de 10 a 15 minutos a fuego medio (el tiempo de cocci\u00f3n puede variar). As\u00ed\u00ad de r\u00e1pido y sin complicaciones. No dejes de probar esta deliciosa y saludable alternativa y vive la Sushi Experiencia con Satoru. \u00a1Haz tu pedido de Pasta Udon aqu\u00ed<\/p>\n","protected":false},"featured_media":4076,"comment_status":"closed","ping_status":"closed","template":"","meta":{"_uf_show_specific_survey":0,"_uf_disable_surveys":false},"product_cat":[331,305],"product_tag":[342],"aioseo_notices":[],"jetpack_sharing_enabled":true,"_links":{"self":[{"href":"https:\/\/satoru.com.mx\/index.php?rest_route=\/wp\/v2\/product\/5294"}],"collection":[{"href":"https:\/\/satoru.com.mx\/index.php?rest_route=\/wp\/v2\/product"}],"about":[{"href":"https:\/\/satoru.com.mx\/index.php?rest_route=\/wp\/v2\/types\/product"}],"replies":[{"embeddable":true,"href":"https:\/\/satoru.com.mx\/index.php?rest_route=%2Fwp%2Fv2%2Fcomments&post=5294"}],"wp:featuredmedia":[{"embeddable":true,"href":"https:\/\/satoru.com.mx\/index.php?rest_route=\/wp\/v2\/media\/4076"}],"wp:attachment":[{"href":"https:\/\/satoru.com.mx\/index.php?rest_route=%2Fwp%2Fv2%2Fmedia&parent=5294"}],"wp:term":[{"taxonomy":"product_cat","embeddable":true,"href":"https:\/\/satoru.com.mx\/index.php?rest_route=%2Fwp%2Fv2%2Fproduct_cat&post=5294"},{"taxonomy":"product_tag","embeddable":true,"href":"https:\/\/satoru.com.mx\/index.php?rest_route=%2Fwp%2Fv2%2Fproduct_tag&post=5294"}],"curies":[{"name":"wp","href":"https:\/\/api.w.org\/{rel}","templated":true}]}}