{"id":5291,"date":"2024-03-12T16:11:16","date_gmt":"2024-03-12T16:11:16","guid":{"rendered":"https:\/\/satoru.com.mx\/?product=paquete-de-panko-2-piezas-de-200g-c-u"},"modified":"2025-10-10T16:14:52","modified_gmt":"2025-10-10T16:14:52","slug":"paquete-de-panko-2-piezas-de-200g-c-u","status":"publish","type":"product","link":"https:\/\/satoru.com.mx\/?product=paquete-de-panko-2-piezas-de-200g-c-u","title":{"rendered":"Paquete de Panko 2 piezas de 200g c\/u"},"content":{"rendered":"<p>2 Cajitas con Pan Molido Japon\u00e9s Panko de 200g Satoru c\/u<br \/>\n\u00bfTe gustar\u00eda cocinar m\u00e1s variedad de platillos en tu d\u00eda a d\u00ed\u00ada? Empieza conociendo nuestro Panko (Empanizador), con el que podr\u00e1s hacer una gran variedad de platillos orientales.<\/p>\n<p>El Panko es un empanizador, que brinda una textura m\u00e1s crujiente a los alimentos, es muy popular en la gastronom\u00ed\u00ada oriental. Un excelente producto para darle un toque diferente a tus platillos. \u00a1No es un empanizador com\u00fan, El Panko le da una textura especialmente Crujiente a los alimentos, adem\u00e1s de aportar sabor y hacer m\u00e1s ricos tus alimentos. \u00a1Dale m\u00e1s variedad a tus recetas! Se puede usar en carne, todo tipo de verduras, pescado, pollo, cubos de queso manchego, etc. Seguro tu familia lo encontrar\u00e1 muy variado y delicioso en sus comidas.<\/p>\n<p>\u00a1Hazlo m\u00e1s saludable! El Panko absorbe menos grasa que el pan molido com\u00fan, ten la confianza de que estar\u00e1s cocinando con los mejores ingredientes para una alimentaci\u00f3n balanceada. No dejes de probar esta deliciosa y saludable alternativa y vive la Sushi Experiencia con Satoru. \u00a1Pide tu Panko Empanizador aqu\u00ed\u00ad!<\/p>\n<p>CONTENIDO: 200 grs. de Panko empanizador.<br \/>\nINGREDIENTES:<br \/>\n&#8211; Harina de trigo blanqueada<br \/>\n&#8211; Dextrosa<br \/>\n&#8211; Manteca vegetal<br \/>\n&#8211; Levadura<br \/>\n&#8211; Sal    HOJUELA GRANDE Y ABSORBE MENOS GRASA<\/p>\n","protected":false},"excerpt":{"rendered":"<p>2 Cajitas con Pan Molido Japon\u00e9s Panko de 200g Satoru c\/u<br \/>\n\u00bfTe gustar\u00eda cocinar m\u00e1s variedad de platillos en tu d\u00eda a d\u00ed\u00ada? Empieza conociendo nuestro Panko (Empanizador), con el que podr\u00e1s hacer una gran variedad de platillos orientales.<\/p>\n<p>El Panko es un empanizador, que brinda una textura m\u00e1s crujiente a los alimentos, es muy popular en la gastronom\u00ed\u00ada oriental. Un excelente producto para darle un toque diferente a tus platillos. \u00a1No es un empanizador com\u00fan, El Panko le da una textura especialmente Crujiente a los alimentos, adem\u00e1s de aportar sabor y hacer m\u00e1s ricos tus alimentos. \u00a1Dale m\u00e1s variedad a tus recetas! Se puede usar en carne, todo tipo de verduras, pescado, pollo, cubos de queso manchego, etc. Seguro tu familia lo encontrar\u00e1 muy variado y delicioso en sus comidas.<\/p>\n<p>\u00a1Hazlo m\u00e1s saludable! El Panko absorbe menos grasa que el pan molido com\u00fan, ten la confianza de que estar\u00e1s cocinando con los mejores ingredientes para una alimentaci\u00f3n balanceada. No dejes de probar esta deliciosa y saludable alternativa y vive la Sushi Experiencia con Satoru. \u00a1Pide tu Panko Empanizador aqu\u00ed\u00ad!<\/p>\n<p>CONTENIDO: 200 grs. de Panko empanizador.<br \/>\nINGREDIENTES:<br \/>\n&#8211; Harina de trigo blanqueada<br \/>\n&#8211; Dextrosa<br \/>\n&#8211; Manteca vegetal<br \/>\n&#8211; Levadura<br \/>\n&#8211; Sal    HOJUELA GRANDE Y ABSORBE MENOS GRASA<\/p>\n","protected":false},"featured_media":3969,"comment_status":"closed","ping_status":"closed","template":"","meta":{"_uf_show_specific_survey":0,"_uf_disable_surveys":false},"product_cat":[331],"product_tag":[332,333,334],"aioseo_notices":[],"jetpack_sharing_enabled":true,"_links":{"self":[{"href":"https:\/\/satoru.com.mx\/index.php?rest_route=\/wp\/v2\/product\/5291"}],"collection":[{"href":"https:\/\/satoru.com.mx\/index.php?rest_route=\/wp\/v2\/product"}],"about":[{"href":"https:\/\/satoru.com.mx\/index.php?rest_route=\/wp\/v2\/types\/product"}],"replies":[{"embeddable":true,"href":"https:\/\/satoru.com.mx\/index.php?rest_route=%2Fwp%2Fv2%2Fcomments&post=5291"}],"wp:featuredmedia":[{"embeddable":true,"href":"https:\/\/satoru.com.mx\/index.php?rest_route=\/wp\/v2\/media\/3969"}],"wp:attachment":[{"href":"https:\/\/satoru.com.mx\/index.php?rest_route=%2Fwp%2Fv2%2Fmedia&parent=5291"}],"wp:term":[{"taxonomy":"product_cat","embeddable":true,"href":"https:\/\/satoru.com.mx\/index.php?rest_route=%2Fwp%2Fv2%2Fproduct_cat&post=5291"},{"taxonomy":"product_tag","embeddable":true,"href":"https:\/\/satoru.com.mx\/index.php?rest_route=%2Fwp%2Fv2%2Fproduct_tag&post=5291"}],"curies":[{"name":"wp","href":"https:\/\/api.w.org\/{rel}","templated":true}]}}