{"id":5289,"date":"2024-03-12T16:11:15","date_gmt":"2024-03-12T16:11:15","guid":{"rendered":"https:\/\/satoru.com.mx\/?product=paquete-de-arroz-de-jazmin-cocido-de-4-piezas-de-160g-c-u"},"modified":"2024-11-12T18:06:53","modified_gmt":"2024-11-12T18:06:53","slug":"paquete-de-arroz-de-jazmin-cocido-de-4-piezas-de-160g-c-u","status":"publish","type":"product","link":"https:\/\/satoru.com.mx\/?product=paquete-de-arroz-de-jazmin-cocido-de-4-piezas-de-160g-c-u","title":{"rendered":"Paquete de Arroz de Jazm\u00edn cocido de 4 piezas de 160g c\/u"},"content":{"rendered":"<p>Contiene<br \/>\n4 piezas de Arroz de Jazm\u00edn cocido Instant\u00e1neo de 160g c\/u Satoru<\/p>\n<p>Si buscas preparar nuevos platillos y sobre todo de Gastronom\u00ed\u00ada Oriental, una buena alternativa es la comida tailandesa, especialmente el Arroz de Jazm\u00ed\u00adn. Conoce nuestro Arroz de Jazm\u00ed\u00adn cocido, es una variedad de arroz de grano largo y fino, pr\u00e1cticamente trasl\u00facido, que tiene un aroma y sabores caracter\u00ed\u00adsticos del Jazm\u00ed\u00adn. Seguro lo encontrar\u00e1s muy amigable al olfato.<\/p>\n<p>\u00a1Ideal para degustar y disfrutar de su intenso sabor a jazm\u00ed\u00adn! Es Suave y Esponjoso, y posee un dulce aroma y un delicioso sabor. No hay mejor manera de atrapar y enamorar a tus invitados que con una buena presentaci\u00f3n y un excelente aroma de tus platillos. \u00a1Saludable! Contiene Hierro y es rico en prote\u00ednas. Con nuestro Arroz de Jazm\u00ed\u00adn tendr\u00e1s una alimentaci\u00f3n deliciosa y balanceada. \u00a1Listo en minutos! El Arroz de Jazm\u00c3\u00edn cocido viene listo para usarse y para calentarse exclusivamente en el microondas. Hazlo r\u00e1pido y sin complicaciones.<\/p>\n<p>No dejes de probar esta deliciosa y saludable alternativa y vive la Sushi Experiencia con Satoru. \u00a1Haz tu pedido aqu\u00ed! <\/p>\n<p>CONTENIDO:<br \/>\n160 grs. de Arroz de Jazm\u00ed\u00adn Cocido<\/p>\n","protected":false},"excerpt":{"rendered":"<p>Contiene<br \/>\n4 piezas de Arroz de Jazm\u00edn cocido Instant\u00e1neo de 160g c\/u Satoru<\/p>\n<p>Si buscas preparar nuevos platillos y sobre todo de Gastronom\u00ed\u00ada Oriental, una buena alternativa es la comida tailandesa, especialmente el Arroz de Jazm\u00ed\u00adn. Conoce nuestro Arroz de Jazm\u00ed\u00adn cocido, es una variedad de arroz de grano largo y fino, pr\u00e1cticamente trasl\u00facido, que tiene un aroma y sabores caracter\u00ed\u00adsticos del Jazm\u00ed\u00adn. Seguro lo encontrar\u00e1s muy amigable al olfato.<\/p>\n<p>\u00a1Ideal para degustar y disfrutar de su intenso sabor a jazm\u00ed\u00adn! Es Suave y Esponjoso, y posee un dulce aroma y un delicioso sabor. No hay mejor manera de atrapar y enamorar a tus invitados que con una buena presentaci\u00f3n y un excelente aroma de tus platillos. \u00a1Saludable! Contiene Hierro y es rico en prote\u00ednas. Con nuestro Arroz de Jazm\u00ed\u00adn tendr\u00e1s una alimentaci\u00f3n deliciosa y balanceada. \u00a1Listo en minutos! El Arroz de Jazm\u00c3\u00edn cocido viene listo para usarse y para calentarse exclusivamente en el microondas. Hazlo r\u00e1pido y sin complicaciones.<\/p>\n<p>No dejes de probar esta deliciosa y saludable alternativa y vive la Sushi Experiencia con Satoru. \u00a1Haz tu pedido aqu\u00ed! <\/p>\n<p>CONTENIDO:<br \/>\n160 grs. de Arroz de Jazm\u00ed\u00adn Cocido<\/p>\n","protected":false},"featured_media":3954,"comment_status":"closed","ping_status":"closed","template":"","meta":{"_uf_show_specific_survey":0,"_uf_disable_surveys":false},"product_cat":[264,252],"product_tag":[267,265,266],"aioseo_notices":[],"jetpack_sharing_enabled":true,"_links":{"self":[{"href":"https:\/\/satoru.com.mx\/index.php?rest_route=\/wp\/v2\/product\/5289"}],"collection":[{"href":"https:\/\/satoru.com.mx\/index.php?rest_route=\/wp\/v2\/product"}],"about":[{"href":"https:\/\/satoru.com.mx\/index.php?rest_route=\/wp\/v2\/types\/product"}],"replies":[{"embeddable":true,"href":"https:\/\/satoru.com.mx\/index.php?rest_route=%2Fwp%2Fv2%2Fcomments&post=5289"}],"wp:featuredmedia":[{"embeddable":true,"href":"https:\/\/satoru.com.mx\/index.php?rest_route=\/wp\/v2\/media\/3954"}],"wp:attachment":[{"href":"https:\/\/satoru.com.mx\/index.php?rest_route=%2Fwp%2Fv2%2Fmedia&parent=5289"}],"wp:term":[{"taxonomy":"product_cat","embeddable":true,"href":"https:\/\/satoru.com.mx\/index.php?rest_route=%2Fwp%2Fv2%2Fproduct_cat&post=5289"},{"taxonomy":"product_tag","embeddable":true,"href":"https:\/\/satoru.com.mx\/index.php?rest_route=%2Fwp%2Fv2%2Fproduct_tag&post=5289"}],"curies":[{"name":"wp","href":"https:\/\/api.w.org\/{rel}","templated":true}]}}