{"id":5277,"date":"2024-03-12T16:11:07","date_gmt":"2024-03-12T16:11:07","guid":{"rendered":"https:\/\/satoru.com.mx\/?product=paquete-de-5-cuchillos-de-bambu-chef-y-5-cuchillos-para-pan"},"modified":"2025-10-02T17:01:50","modified_gmt":"2025-10-02T17:01:50","slug":"paquete-de-5-cuchillos-de-bambu-chef-y-5-cuchillos-para-pan","status":"publish","type":"product","link":"https:\/\/satoru.com.mx\/?product=paquete-de-5-cuchillos-de-bambu-chef-y-5-cuchillos-para-pan","title":{"rendered":"Paquete de 5 Cuchillos De Bamb\u00fa Chef y 5 Cuchillos para Pan"},"content":{"rendered":"<p>Contiene:<br \/>\n5 Cuchillos de Bamb\u00fa para Chef<br \/>\n5 Cuchillos de Bamb\u00fa para Pan<br \/>\nNuestro cuchillo es biodegradable, una vez terminada la vida \u00fatil del producto y de sus materiales, estos puedan ser f\u00e1cilmente reintegrados mediante biodegradaci\u00f3n o compostaje en el medio ambiente.<br \/>\nElaborado 100% de cultivo ecol\u00f2gico de bamb\u00fa un recurso renovable que hace que sea una gran opci\u00f3n al momento de elegir un nuevo cuchillo para su cocina. Se recomienda usar, lavar y secar inmediatamente. El filo se puede recuperar con una lija suave de madera.<br \/>\nUso: Se puede utilizar para alimentos blandos como frutas y verduras, quesos, pan. Almacenar en lugar fresco y seco.<\/p>\n","protected":false},"excerpt":{"rendered":"<p>Contiene:<br \/>\n5 Cuchillos de Bamb\u00fa para Chef<br \/>\n5 Cuchillos de Bamb\u00fa para Pan<br \/>\nNuestro cuchillo es biodegradable, una vez terminada la vida \u00fatil del producto y de sus materiales, estos puedan ser f\u00e1cilmente reintegrados mediante biodegradaci\u00f3n o compostaje en el medio ambiente.<br \/>\nElaborado 100% de cultivo ecol\u00f2gico de bamb\u00fa un recurso renovable que hace que sea una gran opci\u00f3n al momento de elegir un nuevo cuchillo para su cocina. Se recomienda usar, lavar y secar inmediatamente. El filo se puede recuperar con una lija suave de madera.<br \/>\nUso: Se puede utilizar para alimentos blandos como frutas y verduras, quesos, pan. Almacenar en lugar fresco y seco.<\/p>\n","protected":false},"featured_media":4082,"comment_status":"closed","ping_status":"closed","template":"","meta":{"_uf_show_specific_survey":0,"_uf_disable_surveys":false},"product_cat":[277],"product_tag":[278,279,280],"aioseo_notices":[],"jetpack_sharing_enabled":true,"_links":{"self":[{"href":"https:\/\/satoru.com.mx\/index.php?rest_route=\/wp\/v2\/product\/5277"}],"collection":[{"href":"https:\/\/satoru.com.mx\/index.php?rest_route=\/wp\/v2\/product"}],"about":[{"href":"https:\/\/satoru.com.mx\/index.php?rest_route=\/wp\/v2\/types\/product"}],"replies":[{"embeddable":true,"href":"https:\/\/satoru.com.mx\/index.php?rest_route=%2Fwp%2Fv2%2Fcomments&post=5277"}],"wp:featuredmedia":[{"embeddable":true,"href":"https:\/\/satoru.com.mx\/index.php?rest_route=\/wp\/v2\/media\/4082"}],"wp:attachment":[{"href":"https:\/\/satoru.com.mx\/index.php?rest_route=%2Fwp%2Fv2%2Fmedia&parent=5277"}],"wp:term":[{"taxonomy":"product_cat","embeddable":true,"href":"https:\/\/satoru.com.mx\/index.php?rest_route=%2Fwp%2Fv2%2Fproduct_cat&post=5277"},{"taxonomy":"product_tag","embeddable":true,"href":"https:\/\/satoru.com.mx\/index.php?rest_route=%2Fwp%2Fv2%2Fproduct_tag&post=5277"}],"curies":[{"name":"wp","href":"https:\/\/api.w.org\/{rel}","templated":true}]}}