{"id":5276,"date":"2024-03-12T16:11:07","date_gmt":"2024-03-12T16:11:07","guid":{"rendered":"https:\/\/satoru.com.mx\/?product=paquete-de-4-piezas-de-quinoa-cocida-de-150g-satoru-c-u-super-foods"},"modified":"2026-01-26T04:36:08","modified_gmt":"2026-01-26T04:36:08","slug":"paquete-de-4-piezas-de-quinoa-cocida-de-150g-satoru-c-u-super-foods","status":"publish","type":"product","link":"https:\/\/satoru.com.mx\/?product=paquete-de-4-piezas-de-quinoa-cocida-de-150g-satoru-c-u-super-foods","title":{"rendered":"Paquete de 4 piezas de Quinoa cocida de 150g Satoru c\/u (super Foods)"},"content":{"rendered":"<p>Contiene:<br \/>\n4 piezas Quinoa Instant\u00e1nea \/ Cocida de 150g Satoru c\/u<br \/>\nSi buscas preparar nuevos platillos, y sobre todo alimentos con alto valor nutrimental, te recomendamos probar nuestra Quinoa Cocida.<br \/>\nLa Quinoa, es considerada un Superfood (Superalimento), por ser una fuente superior de antioxidantes y nutrientes esenciales para un adecuado funcionamiento fisiol\u00f3gico. Tambi\u00e9n es considerado un sustituto del arroz por tener una textura suave y esponjosa. \u00a1Seguro lo encontrar\u00e1s indispensable para una sana alimentaci\u00f3n de tu familia!<\/p>\n<p>La Quinoa es un alimento muy vers\u00e1til! Prepara recetas Orientales como el Sushi sustituyendo el arroz. Tambi\u00e9n sirve para preparar platillos dulces como salados. \u00a1Disfr\u00fatala en tu desayuno o comida! \u00a1Hazlo Saludable! Es una gran fuente de fibra, sin colesterol ni gluten. Contiene una elevada cantidad de prote\u00edna, hierro, magnesio, f\u00f3sforo, manganeso, zinc, cobre y potasio, vitamina B2 y B3. Con nuestra Quinoa Cocida tendr\u00e1s una alimentaci\u00f3n deliciosa y balanceada. \u00a1Listo en minutos! Nuestra Quinoa ya viene Cocida por lo que preparar platillos es m\u00e1s r\u00e1pido y sencillo. Ahorra tiempo preparando tus platillos.<\/p>\n<p>No dejes de probar esta deliciosa y saludable alternativa y vive la Sushi Experiencia con Satoru.<\/p>\n<p>\u00a1Haz tu pedido de Quinoa Cocida aqu\u00ed\u00ad!<br \/>\nCONTENIDO:<br \/>\n150 grs. de Quinoa Cocida<\/p>\n<p>INGREDIENTES: Quinoa (chenopodium quinoa), agua, sal de mar, glucono delta lactona.<br \/>\nProducto de M\u00e9xico \/ Per\u00fa.<\/p>\n","protected":false},"excerpt":{"rendered":"<p>Contiene:<br \/>\n4 piezas Quinoa Instant\u00e1nea \/ Cocida de 150g Satoru c\/u<br \/>\nSi buscas preparar nuevos platillos, y sobre todo alimentos con alto valor nutrimental, te recomendamos probar nuestra Quinoa Cocida.<br \/>\nLa Quinoa, es considerada un Superfood (Superalimento), por ser una fuente superior de antioxidantes y nutrientes esenciales para un adecuado funcionamiento fisiol\u00f3gico. Tambi\u00e9n es considerado un sustituto del arroz por tener una textura suave y esponjosa. \u00a1Seguro lo encontrar\u00e1s indispensable para una sana alimentaci\u00f3n de tu familia!<\/p>\n<p>La Quinoa es un alimento muy vers\u00e1til! Prepara recetas Orientales como el Sushi sustituyendo el arroz. Tambi\u00e9n sirve para preparar platillos dulces como salados. \u00a1Disfr\u00fatala en tu desayuno o comida! \u00a1Hazlo Saludable! Es una gran fuente de fibra, sin colesterol ni gluten. Contiene una elevada cantidad de prote\u00edna, hierro, magnesio, f\u00f3sforo, manganeso, zinc, cobre y potasio, vitamina B2 y B3. Con nuestra Quinoa Cocida tendr\u00e1s una alimentaci\u00f3n deliciosa y balanceada. \u00a1Listo en minutos! Nuestra Quinoa ya viene Cocida por lo que preparar platillos es m\u00e1s r\u00e1pido y sencillo. Ahorra tiempo preparando tus platillos.<\/p>\n<p>No dejes de probar esta deliciosa y saludable alternativa y vive la Sushi Experiencia con Satoru.<\/p>\n<p>\u00a1Haz tu pedido de Quinoa Cocida aqu\u00ed\u00ad!<br \/>\nCONTENIDO:<br \/>\n150 grs. de Quinoa Cocida<\/p>\n<p>INGREDIENTES: Quinoa (chenopodium quinoa), agua, sal de mar, glucono delta lactona.<br \/>\nProducto de M\u00e9xico \/ Per\u00fa.<\/p>\n","protected":false},"featured_media":3980,"comment_status":"closed","ping_status":"closed","template":"","meta":{"_uf_show_specific_survey":0,"_uf_disable_surveys":false},"product_cat":[252],"product_tag":[361,362],"aioseo_notices":[],"jetpack_sharing_enabled":true,"_links":{"self":[{"href":"https:\/\/satoru.com.mx\/index.php?rest_route=\/wp\/v2\/product\/5276"}],"collection":[{"href":"https:\/\/satoru.com.mx\/index.php?rest_route=\/wp\/v2\/product"}],"about":[{"href":"https:\/\/satoru.com.mx\/index.php?rest_route=\/wp\/v2\/types\/product"}],"replies":[{"embeddable":true,"href":"https:\/\/satoru.com.mx\/index.php?rest_route=%2Fwp%2Fv2%2Fcomments&post=5276"}],"wp:featuredmedia":[{"embeddable":true,"href":"https:\/\/satoru.com.mx\/index.php?rest_route=\/wp\/v2\/media\/3980"}],"wp:attachment":[{"href":"https:\/\/satoru.com.mx\/index.php?rest_route=%2Fwp%2Fv2%2Fmedia&parent=5276"}],"wp:term":[{"taxonomy":"product_cat","embeddable":true,"href":"https:\/\/satoru.com.mx\/index.php?rest_route=%2Fwp%2Fv2%2Fproduct_cat&post=5276"},{"taxonomy":"product_tag","embeddable":true,"href":"https:\/\/satoru.com.mx\/index.php?rest_route=%2Fwp%2Fv2%2Fproduct_tag&post=5276"}],"curies":[{"name":"wp","href":"https:\/\/api.w.org\/{rel}","templated":true}]}}