{"id":5269,"date":"2024-03-12T16:11:04","date_gmt":"2024-03-12T16:11:04","guid":{"rendered":"https:\/\/satoru.com.mx\/?product=paquete-de-12-piezas-de-vermicelli-fideo-de-soya-300g"},"modified":"2026-03-07T16:37:49","modified_gmt":"2026-03-07T16:37:49","slug":"paquete-de-12-piezas-de-vermicelli-fideo-de-soya-300g","status":"publish","type":"product","link":"https:\/\/satoru.com.mx\/?product=paquete-de-12-piezas-de-vermicelli-fideo-de-soya-300g","title":{"rendered":"Paquete de 12 piezas de Vermicelli, Fideo De Soya 300g"},"content":{"rendered":"<p>Contiene:<br \/>\n12 Paquetes de Fideo De Soya de 300g Vermicelli<br \/>\n\u00bfEst\u00e1s buscando nuevas variedades de platillos para ti y tu familia?, prueba nuestros Noodles Vermicelli de Fideo de Frijol (El de la red rosa), descubre una alternativa saludable, f\u00e1cil y r\u00e1pida de preparar. <\/p>\n<p>Pasta seca de r\u00e1pida cocci\u00f3n, solo remoja de 3 a 5 minutos (el tiempo de cocci\u00f3n puede variar) en agua caliente, y ahorra tiempo en su preparaci\u00f3n para que puedas cocinar m\u00e1s platillos para toda tu familia. Un alimento muy vers\u00e1til, ideal para preparar comidas orientales como la ensalada Sunomono o acompa\u00f1ar con carne, pescado, mariscos o verduras. \u00a1Dale m\u00e1s variedad de platillos a tu familia!<\/p>\n<p>\u00a1Muy saludable! Nuestros Noodles Vermicelli de fideo de frijol, tiene alto contenido prote\u00ed\u00adnico y no contiene trigo ni colesterol. Dale a tu familia los mejores alimentos, deliciosos y nutritivos. No esperes m\u00e1s y conoce toda la variedad de productos saludables y f\u00e1ciles de preparar que Satoru tiene para ti.<\/p>\n<p>CONTENIDO:<br \/>\nPaquete de 300 grs. de pasta de fideo de frijol. (Rinde el doble, 600 grs. aproximados de pasta cocida).<br \/>\nINGREDIENTES:<br \/>\n&#8211; Frijol verde<br \/>\n&#8211; F\u00e9cula de ma\u00edz.<\/p>\n","protected":false},"excerpt":{"rendered":"<p>Contiene:<br \/>\n12 Paquetes de Fideo De Soya de 300g Vermicelli<br \/>\n\u00bfEst\u00e1s buscando nuevas variedades de platillos para ti y tu familia?, prueba nuestros Noodles Vermicelli de Fideo de Frijol (El de la red rosa), descubre una alternativa saludable, f\u00e1cil y r\u00e1pida de preparar. <\/p>\n<p>Pasta seca de r\u00e1pida cocci\u00f3n, solo remoja de 3 a 5 minutos (el tiempo de cocci\u00f3n puede variar) en agua caliente, y ahorra tiempo en su preparaci\u00f3n para que puedas cocinar m\u00e1s platillos para toda tu familia. Un alimento muy vers\u00e1til, ideal para preparar comidas orientales como la ensalada Sunomono o acompa\u00f1ar con carne, pescado, mariscos o verduras. \u00a1Dale m\u00e1s variedad de platillos a tu familia!<\/p>\n<p>\u00a1Muy saludable! Nuestros Noodles Vermicelli de fideo de frijol, tiene alto contenido prote\u00ed\u00adnico y no contiene trigo ni colesterol. Dale a tu familia los mejores alimentos, deliciosos y nutritivos. No esperes m\u00e1s y conoce toda la variedad de productos saludables y f\u00e1ciles de preparar que Satoru tiene para ti.<\/p>\n<p>CONTENIDO:<br \/>\nPaquete de 300 grs. de pasta de fideo de frijol. (Rinde el doble, 600 grs. aproximados de pasta cocida).<br \/>\nINGREDIENTES:<br \/>\n&#8211; Frijol verde<br \/>\n&#8211; F\u00e9cula de ma\u00edz.<\/p>\n","protected":false},"featured_media":3961,"comment_status":"closed","ping_status":"closed","template":"","meta":{"_uf_show_specific_survey":0,"_uf_disable_surveys":false},"product_cat":[305],"product_tag":[356],"aioseo_notices":[],"jetpack_sharing_enabled":true,"_links":{"self":[{"href":"https:\/\/satoru.com.mx\/index.php?rest_route=\/wp\/v2\/product\/5269"}],"collection":[{"href":"https:\/\/satoru.com.mx\/index.php?rest_route=\/wp\/v2\/product"}],"about":[{"href":"https:\/\/satoru.com.mx\/index.php?rest_route=\/wp\/v2\/types\/product"}],"replies":[{"embeddable":true,"href":"https:\/\/satoru.com.mx\/index.php?rest_route=%2Fwp%2Fv2%2Fcomments&post=5269"}],"wp:featuredmedia":[{"embeddable":true,"href":"https:\/\/satoru.com.mx\/index.php?rest_route=\/wp\/v2\/media\/3961"}],"wp:attachment":[{"href":"https:\/\/satoru.com.mx\/index.php?rest_route=%2Fwp%2Fv2%2Fmedia&parent=5269"}],"wp:term":[{"taxonomy":"product_cat","embeddable":true,"href":"https:\/\/satoru.com.mx\/index.php?rest_route=%2Fwp%2Fv2%2Fproduct_cat&post=5269"},{"taxonomy":"product_tag","embeddable":true,"href":"https:\/\/satoru.com.mx\/index.php?rest_route=%2Fwp%2Fv2%2Fproduct_tag&post=5269"}],"curies":[{"name":"wp","href":"https:\/\/api.w.org\/{rel}","templated":true}]}}