{"id":5258,"date":"2024-03-12T16:10:55","date_gmt":"2024-03-12T16:10:55","guid":{"rendered":"https:\/\/satoru.com.mx\/?product=arroz-de-jazmin-cocido-de-160g"},"modified":"2025-02-06T20:22:03","modified_gmt":"2025-02-06T20:22:03","slug":"arroz-de-jazmin-cocido-de-160g","status":"publish","type":"product","link":"https:\/\/satoru.com.mx\/?product=arroz-de-jazmin-cocido-de-160g","title":{"rendered":"Arroz de Jazm\u00edn cocido de 160g"},"content":{"rendered":"<p>Despierta tus sentidos con el Arroz de Jazm\u00edn cocido de SATORU\u00ae. Sus granos largos y trasl\u00facidos despiden un delicioso aroma floral propio del Jazm\u00edn. Su textura es suave y esponjosa, prepararlo es muy sencillo, simplemente cali\u00e9ntalo en el microondas y disfruta de esta opci\u00f3n de arroz saludable rica en hierro y prote\u00ednas.<\/p>\n","protected":false},"excerpt":{"rendered":"<p><strong> Contenido: 160g de Arroz de Jazm\u00edn cocido <\/strong><\/p>\n<p>Despierta tus sentidos con el Arroz de Jazm\u00edn cocido de SATORU\u00ae. Sus granos largos y trasl\u00facidos despiden un delicioso aroma floral propio del Jazm\u00edn.<\/p>\n","protected":false},"featured_media":3887,"comment_status":"closed","ping_status":"closed","template":"","meta":{"_uf_show_specific_survey":0,"_uf_disable_surveys":false},"product_cat":[264,252],"product_tag":[267,265,266],"aioseo_notices":[],"jetpack_sharing_enabled":true,"_links":{"self":[{"href":"https:\/\/satoru.com.mx\/index.php?rest_route=\/wp\/v2\/product\/5258"}],"collection":[{"href":"https:\/\/satoru.com.mx\/index.php?rest_route=\/wp\/v2\/product"}],"about":[{"href":"https:\/\/satoru.com.mx\/index.php?rest_route=\/wp\/v2\/types\/product"}],"replies":[{"embeddable":true,"href":"https:\/\/satoru.com.mx\/index.php?rest_route=%2Fwp%2Fv2%2Fcomments&post=5258"}],"wp:featuredmedia":[{"embeddable":true,"href":"https:\/\/satoru.com.mx\/index.php?rest_route=\/wp\/v2\/media\/3887"}],"wp:attachment":[{"href":"https:\/\/satoru.com.mx\/index.php?rest_route=%2Fwp%2Fv2%2Fmedia&parent=5258"}],"wp:term":[{"taxonomy":"product_cat","embeddable":true,"href":"https:\/\/satoru.com.mx\/index.php?rest_route=%2Fwp%2Fv2%2Fproduct_cat&post=5258"},{"taxonomy":"product_tag","embeddable":true,"href":"https:\/\/satoru.com.mx\/index.php?rest_route=%2Fwp%2Fv2%2Fproduct_tag&post=5258"}],"curies":[{"name":"wp","href":"https:\/\/api.w.org\/{rel}","templated":true}]}}