{"id":5242,"date":"2024-03-12T16:10:49","date_gmt":"2024-03-12T16:10:49","guid":{"rendered":"https:\/\/satoru.com.mx\/?product=makisu-tapete-para-sushi-24-x-24-cm"},"modified":"2025-06-08T01:01:56","modified_gmt":"2025-06-08T01:01:56","slug":"makisu-tapete-para-sushi-24-x-24-cm","status":"publish","type":"product","link":"https:\/\/satoru.com.mx\/?product=makisu-tapete-para-sushi-24-x-24-cm","title":{"rendered":"Makisu (Tapete para sushi) 24 x 24 cm"},"content":{"rendered":"<p>El Makisu (Tapete), se usa principalmente para la preparaci\u00f3n de Sushi, est\u00e1 hecho de\u00a0bamb\u00fa\u00a0lo que lo hace resistente y duradero, olv\u00ed\u00addate de estar comprando utensilios todo el tiempo.<\/p>\n<p>\u00a1Haz tu Sushi como un profesional! Con nuestro tapete de\u00a0bamb\u00fa\u00a0preparar\u00e1s tus rollos de manera sencilla, con mejor presentaci\u00f3n y tus platillos quedar\u00e1n deliciosos. Descubre una nueva forma de preparar nuevos platillos desde tu casa. \u00a1Vive la Sushi Experiencia! Encuentra en Satoru, el Makisu y todo lo necesario para preparar Sushi.<\/p>\n","protected":false},"excerpt":{"rendered":"<p>Contiene: 1 Tapete de Bamb\u00fa de 24 x 24 cm<\/p>\n<p>El Makisu (Tapete), se usa principalmente para la preparaci\u00f3n de Sushi, est\u00e1 hecho de\u00a0bamb\u00fa\u00a0lo que lo hace resistente y duradero, olv\u00ed\u00addate de estar comprando utensilios todo el tiempo.<\/p>\n<p>\u00a1Haz tu Sushi como un profesional! Con nuestro tapete de\u00a0bamb\u00fa\u00a0preparar\u00e1s tus rollos de manera sencilla, con mejor presentaci\u00f3n y tus platillos quedar\u00e1n deliciosos. Descubre una nueva forma de preparar nuevos platillos desde tu casa. \u00a1Vive la Sushi Experiencia! Encuentra en Satoru, el Makisu y todo lo necesario para preparar Sushi.<\/p>\n","protected":false},"featured_media":4362,"comment_status":"closed","ping_status":"closed","template":"","meta":{"_uf_show_specific_survey":0,"_uf_disable_surveys":false},"product_cat":[277],"product_tag":[327,325,326],"aioseo_notices":[],"jetpack_sharing_enabled":true,"_links":{"self":[{"href":"https:\/\/satoru.com.mx\/index.php?rest_route=\/wp\/v2\/product\/5242"}],"collection":[{"href":"https:\/\/satoru.com.mx\/index.php?rest_route=\/wp\/v2\/product"}],"about":[{"href":"https:\/\/satoru.com.mx\/index.php?rest_route=\/wp\/v2\/types\/product"}],"replies":[{"embeddable":true,"href":"https:\/\/satoru.com.mx\/index.php?rest_route=%2Fwp%2Fv2%2Fcomments&post=5242"}],"wp:featuredmedia":[{"embeddable":true,"href":"https:\/\/satoru.com.mx\/index.php?rest_route=\/wp\/v2\/media\/4362"}],"wp:attachment":[{"href":"https:\/\/satoru.com.mx\/index.php?rest_route=%2Fwp%2Fv2%2Fmedia&parent=5242"}],"wp:term":[{"taxonomy":"product_cat","embeddable":true,"href":"https:\/\/satoru.com.mx\/index.php?rest_route=%2Fwp%2Fv2%2Fproduct_cat&post=5242"},{"taxonomy":"product_tag","embeddable":true,"href":"https:\/\/satoru.com.mx\/index.php?rest_route=%2Fwp%2Fv2%2Fproduct_tag&post=5242"}],"curies":[{"name":"wp","href":"https:\/\/api.w.org\/{rel}","templated":true}]}}