{"id":5238,"date":"2024-03-12T16:10:46","date_gmt":"2024-03-12T16:10:46","guid":{"rendered":"https:\/\/satoru.com.mx\/?product=jengibre-encurtido-rosa-gari-pink-de-300g"},"modified":"2025-11-13T00:18:37","modified_gmt":"2025-11-13T00:18:37","slug":"jengibre-encurtido-rosa-gari-pink-de-300g","status":"publish","type":"product","link":"https:\/\/satoru.com.mx\/?product=jengibre-encurtido-rosa-gari-pink-de-300g","title":{"rendered":"Jengibre encurtido Rosa, (Gari pink) de 300g"},"content":{"rendered":"<p>El Jengibre encurtido Gari es un tsukemono (encurtido japon\u00e9s de verduras). Se utiliza al cambiar de platillo para limpiar el paladar y apreciar el sabor de cada ingrediente. <\/p>\n<p>Su sabor fuerte y condimentado aumenta con un m\u00e9todo de preparaci\u00f3n, el encurtido en una soluci\u00f3n de vinagre y otros condimentos. \u00a1Pru\u00e9balo y disfruta de todos los sabores de tus platillos de Sushi!<\/p>\n","protected":false},"excerpt":{"rendered":"<p><strong>Contenido: 300g de Jengibre encurtido Rosa, (Gari pink)<\/strong> <\/p>\n<p>El Jengibre encurtido Gari es un tsukemono (encurtido japon\u00e9s de verduras). Se utiliza al cambiar de platillo para limpiar el paladar y apreciar el sabor de cada ingrediente.<\/p>\n","protected":false},"featured_media":4333,"comment_status":"closed","ping_status":"closed","template":"","meta":{"_uf_show_specific_survey":0,"_uf_disable_surveys":false},"product_cat":[19],"product_tag":[319,316,317],"aioseo_notices":[],"jetpack_sharing_enabled":true,"_links":{"self":[{"href":"https:\/\/satoru.com.mx\/index.php?rest_route=\/wp\/v2\/product\/5238"}],"collection":[{"href":"https:\/\/satoru.com.mx\/index.php?rest_route=\/wp\/v2\/product"}],"about":[{"href":"https:\/\/satoru.com.mx\/index.php?rest_route=\/wp\/v2\/types\/product"}],"replies":[{"embeddable":true,"href":"https:\/\/satoru.com.mx\/index.php?rest_route=%2Fwp%2Fv2%2Fcomments&post=5238"}],"wp:featuredmedia":[{"embeddable":true,"href":"https:\/\/satoru.com.mx\/index.php?rest_route=\/wp\/v2\/media\/4333"}],"wp:attachment":[{"href":"https:\/\/satoru.com.mx\/index.php?rest_route=%2Fwp%2Fv2%2Fmedia&parent=5238"}],"wp:term":[{"taxonomy":"product_cat","embeddable":true,"href":"https:\/\/satoru.com.mx\/index.php?rest_route=%2Fwp%2Fv2%2Fproduct_cat&post=5238"},{"taxonomy":"product_tag","embeddable":true,"href":"https:\/\/satoru.com.mx\/index.php?rest_route=%2Fwp%2Fv2%2Fproduct_tag&post=5238"}],"curies":[{"name":"wp","href":"https:\/\/api.w.org\/{rel}","templated":true}]}}