{"id":5222,"date":"2024-03-12T16:10:40","date_gmt":"2024-03-12T16:10:40","guid":{"rendered":"https:\/\/satoru.com.mx\/?product=furikake-de-camaron-condimento-japones-de-454g-una-libra"},"modified":"2026-03-12T04:13:10","modified_gmt":"2026-03-12T04:13:10","slug":"furikake-de-camaron-condimento-japones-de-454g-una-libra","status":"publish","type":"product","link":"https:\/\/satoru.com.mx\/?product=furikake-de-camaron-condimento-japones-de-454g-una-libra","title":{"rendered":"Furikake de Camar\u00f3n, condimento japon\u00e9s de 454g (Una libra)"},"content":{"rendered":"<p>El Furikake de Camar\u00f3n (Ebi) de SATORU\u00ae es un condimento tradicional japon\u00e9s hecho con finas hebras de algas, camar\u00f3n, pescado, huevos o vegetales secos y deshidratados.<\/p>\n<p>Este paquete de 454g de Furikake de Camar\u00f3n de la m\u00e1s alta calidad, es ideal para tu restaurante japon\u00e9s.<\/p>\n<p>Impulsa tu negocio, ahorra dinero y asegura tener siempre insumos para sushi.<\/p>\n","protected":false},"excerpt":{"rendered":"<p><strong>Contenido: 454g (Una libra) de Furikake de Camar\u00f3n, condimento japon\u00e9s (Furikake Ebi)<\/strong><\/p>\n<p>El Furikake de Camar\u00f3n (Ebi) de SATORU\u00ae es un condimento tradicional japon\u00e9s hecho con finas hebras de algas, camar\u00f3n, pescado, huevos o vegetales secos y deshidratados.<\/p>\n<p>Este paquete de 454g de Furikake de Camar\u00f3n de la m\u00e1s alta calidad, es ideal para tu restaurante japon\u00e9s.<\/p>\n<p>Impulsa tu negocio, ahorra dinero y asegura tener siempre insumos para sushi.<\/p>\n","protected":false},"featured_media":4719,"comment_status":"closed","ping_status":"closed","template":"","meta":{"_uf_show_specific_survey":0,"_uf_disable_surveys":false},"product_cat":[19,339],"product_tag":[285,255,283,256,284],"aioseo_notices":[],"jetpack_sharing_enabled":true,"_links":{"self":[{"href":"https:\/\/satoru.com.mx\/index.php?rest_route=\/wp\/v2\/product\/5222"}],"collection":[{"href":"https:\/\/satoru.com.mx\/index.php?rest_route=\/wp\/v2\/product"}],"about":[{"href":"https:\/\/satoru.com.mx\/index.php?rest_route=\/wp\/v2\/types\/product"}],"replies":[{"embeddable":true,"href":"https:\/\/satoru.com.mx\/index.php?rest_route=%2Fwp%2Fv2%2Fcomments&post=5222"}],"wp:featuredmedia":[{"embeddable":true,"href":"https:\/\/satoru.com.mx\/index.php?rest_route=\/wp\/v2\/media\/4719"}],"wp:attachment":[{"href":"https:\/\/satoru.com.mx\/index.php?rest_route=%2Fwp%2Fv2%2Fmedia&parent=5222"}],"wp:term":[{"taxonomy":"product_cat","embeddable":true,"href":"https:\/\/satoru.com.mx\/index.php?rest_route=%2Fwp%2Fv2%2Fproduct_cat&post=5222"},{"taxonomy":"product_tag","embeddable":true,"href":"https:\/\/satoru.com.mx\/index.php?rest_route=%2Fwp%2Fv2%2Fproduct_tag&post=5222"}],"curies":[{"name":"wp","href":"https:\/\/api.w.org\/{rel}","templated":true}]}}