{"id":5220,"date":"2024-03-12T16:10:39","date_gmt":"2024-03-12T16:10:39","guid":{"rendered":"https:\/\/satoru.com.mx\/?product=furikake-de-camaron-condimento-japones-de-45g"},"modified":"2024-11-12T18:06:49","modified_gmt":"2024-11-12T18:06:49","slug":"furikake-de-camaron-condimento-japones-de-45g","status":"publish","type":"product","link":"https:\/\/satoru.com.mx\/?product=furikake-de-camaron-condimento-japones-de-45g","title":{"rendered":"Furikake de Camar\u00f3n (Condimento japon\u00e9s) de 45g"},"content":{"rendered":"<p>El Furikake de Camar\u00f3n (Ebi) de SATORU\u00ae es un condimento tradicional japon\u00e9s hecho con finas hebras de algas, camar\u00f3n, pescado, huevos o vegetales secos y deshidratados. <\/p>\n<p>Espolvorea un poco  para condimentar platillos t\u00edpicos japoneses, incluyendo el Sushi.<\/p>\n","protected":false},"excerpt":{"rendered":"<p><strong>Contenido: Frasco con 45g de Furikake de Camar\u00f3n, condimento japon\u00e9s (Furikake Ebi)<\/strong><\/p>\n<p>El Furikake de Camar\u00f3n (Ebi) de SATORU\u00ae es un condimento tradicional japon\u00e9s hecho con finas hebras de algas, camar\u00f3n, pescado, huevos o vegetales secos y deshidratados. <\/p>\n<p>Espolvorea un poco  para condimentar platillos t\u00edpicos japoneses, incluyendo el Sushi.<\/p>\n","protected":false},"featured_media":4312,"comment_status":"closed","ping_status":"closed","template":"","meta":{"_uf_show_specific_survey":0,"_uf_disable_surveys":false},"product_cat":[19],"product_tag":[285,255,283,284],"aioseo_notices":[],"jetpack_sharing_enabled":true,"_links":{"self":[{"href":"https:\/\/satoru.com.mx\/index.php?rest_route=\/wp\/v2\/product\/5220"}],"collection":[{"href":"https:\/\/satoru.com.mx\/index.php?rest_route=\/wp\/v2\/product"}],"about":[{"href":"https:\/\/satoru.com.mx\/index.php?rest_route=\/wp\/v2\/types\/product"}],"replies":[{"embeddable":true,"href":"https:\/\/satoru.com.mx\/index.php?rest_route=%2Fwp%2Fv2%2Fcomments&post=5220"}],"wp:featuredmedia":[{"embeddable":true,"href":"https:\/\/satoru.com.mx\/index.php?rest_route=\/wp\/v2\/media\/4312"}],"wp:attachment":[{"href":"https:\/\/satoru.com.mx\/index.php?rest_route=%2Fwp%2Fv2%2Fmedia&parent=5220"}],"wp:term":[{"taxonomy":"product_cat","embeddable":true,"href":"https:\/\/satoru.com.mx\/index.php?rest_route=%2Fwp%2Fv2%2Fproduct_cat&post=5220"},{"taxonomy":"product_tag","embeddable":true,"href":"https:\/\/satoru.com.mx\/index.php?rest_route=%2Fwp%2Fv2%2Fproduct_tag&post=5220"}],"curies":[{"name":"wp","href":"https:\/\/api.w.org\/{rel}","templated":true}]}}