{"id":5218,"date":"2024-03-12T16:10:38","date_gmt":"2024-03-12T16:10:38","guid":{"rendered":"https:\/\/satoru.com.mx\/?product=cuchillo-de-bambu-para-pan"},"modified":"2024-11-12T18:06:49","modified_gmt":"2024-11-12T18:06:49","slug":"cuchillo-de-bambu-para-pan","status":"publish","type":"product","link":"https:\/\/satoru.com.mx\/?product=cuchillo-de-bambu-para-pan","title":{"rendered":"Cuchillo de Bamb\u00fa para Pan"},"content":{"rendered":"<p>Este cuchillo de bamb\u00fa se puede utilizar para cortar alimentos blandos como frutas y verduras, quesos o pan, es biodegradable y una vez terminada la vida \u00fatil del producto y de sus materiales, estos puedan ser f\u00e1cilmente reintegrados mediante biodegradaci\u00f3n o compostaje en el medio ambiente.<\/p>\n<p>Cuchillo elaborado 100% de cultivo ecol\u00f3gico de bamb\u00fa, un recurso renovable.<br \/>\nSe recomienda usar, lavar y secar inmediatamente. <\/p>\n<p>El filo se puede recuperar con una lija suave de madera.<\/p>\n","protected":false},"excerpt":{"rendered":"<p><strong>Contenido: 1 Cuchillo para pan de Bamb\u00fa<\/strong><\/p>\n<p>Este cuchillo de bamb\u00fa se puede utilizar para cortar alimentos blandos como frutas y verduras, quesos o pan y es biodegradable.<\/p>\n","protected":false},"featured_media":4375,"comment_status":"closed","ping_status":"closed","template":"","meta":{"_uf_show_specific_survey":0,"_uf_disable_surveys":false},"product_cat":[277],"product_tag":[278,279,280],"aioseo_notices":[],"jetpack_sharing_enabled":true,"_links":{"self":[{"href":"https:\/\/satoru.com.mx\/index.php?rest_route=\/wp\/v2\/product\/5218"}],"collection":[{"href":"https:\/\/satoru.com.mx\/index.php?rest_route=\/wp\/v2\/product"}],"about":[{"href":"https:\/\/satoru.com.mx\/index.php?rest_route=\/wp\/v2\/types\/product"}],"replies":[{"embeddable":true,"href":"https:\/\/satoru.com.mx\/index.php?rest_route=%2Fwp%2Fv2%2Fcomments&post=5218"}],"wp:featuredmedia":[{"embeddable":true,"href":"https:\/\/satoru.com.mx\/index.php?rest_route=\/wp\/v2\/media\/4375"}],"wp:attachment":[{"href":"https:\/\/satoru.com.mx\/index.php?rest_route=%2Fwp%2Fv2%2Fmedia&parent=5218"}],"wp:term":[{"taxonomy":"product_cat","embeddable":true,"href":"https:\/\/satoru.com.mx\/index.php?rest_route=%2Fwp%2Fv2%2Fproduct_cat&post=5218"},{"taxonomy":"product_tag","embeddable":true,"href":"https:\/\/satoru.com.mx\/index.php?rest_route=%2Fwp%2Fv2%2Fproduct_tag&post=5218"}],"curies":[{"name":"wp","href":"https:\/\/api.w.org\/{rel}","templated":true}]}}