{"id":5217,"date":"2024-03-12T16:10:38","date_gmt":"2024-03-12T16:10:38","guid":{"rendered":"https:\/\/satoru.com.mx\/?product=calpico-calpis-bebida-con-lactobacilos-6-litros"},"modified":"2024-11-12T18:06:49","modified_gmt":"2024-11-12T18:06:49","slug":"calpico-calpis-bebida-con-lactobacilos-6-litros","status":"publish","type":"product","link":"https:\/\/satoru.com.mx\/?product=calpico-calpis-bebida-con-lactobacilos-6-litros","title":{"rendered":"Calpico (Calpis) bebida con lactobacilos 6 Litros"},"content":{"rendered":"<p>Calpico (Calpis) es una bebida refrescante y deliciosa originaria de Jap\u00f3n. Su suave sabor \u00e1cido y notas dulces similares al Manzana verde natural, lo convierten en una delicia para los amantes de las bebidas probi\u00f3ticas. <\/p>\n<p>Est\u00e1 hecho con una mezcla de leche descremada y cultivos de lactobacilos, por lo que es sabroso, nutritivo y saludable. Calpico te ayudar\u00e1 a equilibrar la flora intestinal y fortalecer el sistema inmunol\u00f3gico. <\/p>\n<p>Lo puedes utilizar como base para helados caseros y c\u00f3cteles.<\/p>\n<p>Cada litro de Calpico (Calpis) rinde Rinde para 3 litros.<\/p>\n","protected":false},"excerpt":{"rendered":"<p><strong>Contenido:<\/strong> 6 litros de Capico (Calpis) bebida con lactobacilos.<\/p>\n<p>Calpico (Calpis) es una bebida refrescante y deliciosa originaria de Jap\u00f3n. Su suave sabor \u00e1cido y notas dulces similares al yogurt natural, lo convierten en una delicia para los amantes de las bebidas pro bi\u00f3ticas.<\/p>\n<p><em><strong>Cada litro de Calpico (Calpis) Rinde para preparar 3 litros.<\/strong><\/em><\/p>\n","protected":false},"featured_media":4378,"comment_status":"closed","ping_status":"closed","template":"","meta":{"_uf_show_specific_survey":0,"_uf_disable_surveys":false},"product_cat":[273],"product_tag":[274,275,276],"aioseo_notices":[],"jetpack_sharing_enabled":true,"_links":{"self":[{"href":"https:\/\/satoru.com.mx\/index.php?rest_route=\/wp\/v2\/product\/5217"}],"collection":[{"href":"https:\/\/satoru.com.mx\/index.php?rest_route=\/wp\/v2\/product"}],"about":[{"href":"https:\/\/satoru.com.mx\/index.php?rest_route=\/wp\/v2\/types\/product"}],"replies":[{"embeddable":true,"href":"https:\/\/satoru.com.mx\/index.php?rest_route=%2Fwp%2Fv2%2Fcomments&post=5217"}],"wp:featuredmedia":[{"embeddable":true,"href":"https:\/\/satoru.com.mx\/index.php?rest_route=\/wp\/v2\/media\/4378"}],"wp:attachment":[{"href":"https:\/\/satoru.com.mx\/index.php?rest_route=%2Fwp%2Fv2%2Fmedia&parent=5217"}],"wp:term":[{"taxonomy":"product_cat","embeddable":true,"href":"https:\/\/satoru.com.mx\/index.php?rest_route=%2Fwp%2Fv2%2Fproduct_cat&post=5217"},{"taxonomy":"product_tag","embeddable":true,"href":"https:\/\/satoru.com.mx\/index.php?rest_route=%2Fwp%2Fv2%2Fproduct_tag&post=5217"}],"curies":[{"name":"wp","href":"https:\/\/api.w.org\/{rel}","templated":true}]}}