{"id":5208,"date":"2024-03-12T16:10:33","date_gmt":"2024-03-12T16:10:33","guid":{"rendered":"https:\/\/satoru.com.mx\/?product=arroz-para-sushi-rojo-de-300g"},"modified":"2026-01-24T03:34:57","modified_gmt":"2026-01-24T03:34:57","slug":"arroz-para-sushi-rojo-de-300g","status":"publish","type":"product","link":"https:\/\/satoru.com.mx\/?product=arroz-para-sushi-rojo-de-300g","title":{"rendered":"Arroz para Sushi Rojo de 300g"},"content":{"rendered":"<p>El arroz de grano medio se ti\u00f1e de forma natural sin afectar su textura ni sabor, por lo que obtendr\u00e1s un sushi delicioso con un aspecto art\u00edstico e innovador, ideal para fiestas, celebraciones especiales o simplemente para disfrutar en familia. Solo agrega el vinagre de arroz necesario al arroz de colores y deja volar tu imaginaci\u00f3n para crear sushi art\u00edstico con un toque de divertido.<\/p>\n","protected":false},"excerpt":{"rendered":"<p><strong>Contenido: 300g de Arroz para Sushi Rojo<\/strong><\/p>\n<p> Prepara Sushi de colores con la l\u00ednea Rainbow de SATORU\u00ae. Dale un toque de creatividad y color tus rollos, nigiris, conos y m\u00e1s figuras de sushi en un tono Rojo vibrante que llamar\u00e1 la atenci\u00f3n de tus invitados.<\/p>\n","protected":false},"featured_media":3919,"comment_status":"closed","ping_status":"closed","template":"","meta":{"_uf_show_specific_survey":0,"_uf_disable_surveys":false},"product_cat":[252],"product_tag":[265,268],"aioseo_notices":[],"jetpack_sharing_enabled":true,"_links":{"self":[{"href":"https:\/\/satoru.com.mx\/index.php?rest_route=\/wp\/v2\/product\/5208"}],"collection":[{"href":"https:\/\/satoru.com.mx\/index.php?rest_route=\/wp\/v2\/product"}],"about":[{"href":"https:\/\/satoru.com.mx\/index.php?rest_route=\/wp\/v2\/types\/product"}],"replies":[{"embeddable":true,"href":"https:\/\/satoru.com.mx\/index.php?rest_route=%2Fwp%2Fv2%2Fcomments&post=5208"}],"wp:featuredmedia":[{"embeddable":true,"href":"https:\/\/satoru.com.mx\/index.php?rest_route=\/wp\/v2\/media\/3919"}],"wp:attachment":[{"href":"https:\/\/satoru.com.mx\/index.php?rest_route=%2Fwp%2Fv2%2Fmedia&parent=5208"}],"wp:term":[{"taxonomy":"product_cat","embeddable":true,"href":"https:\/\/satoru.com.mx\/index.php?rest_route=%2Fwp%2Fv2%2Fproduct_cat&post=5208"},{"taxonomy":"product_tag","embeddable":true,"href":"https:\/\/satoru.com.mx\/index.php?rest_route=%2Fwp%2Fv2%2Fproduct_tag&post=5208"}],"curies":[{"name":"wp","href":"https:\/\/api.w.org\/{rel}","templated":true}]}}