{"id":5205,"date":"2024-03-12T16:10:31","date_gmt":"2024-03-12T16:10:31","guid":{"rendered":"https:\/\/satoru.com.mx\/?product=arroz-para-sushi-de-700g"},"modified":"2025-12-03T18:53:14","modified_gmt":"2025-12-03T18:53:14","slug":"arroz-para-sushi-de-700g","status":"publish","type":"product","link":"https:\/\/satoru.com.mx\/?product=arroz-para-sushi-de-700g","title":{"rendered":"Arroz para Sushi Satoru 700g Estilo Japon\u00e9s Grano Medio Premium"},"content":{"rendered":"<p>Lleva a tu mesa la calidad y tradici\u00f3n de la gastronom\u00eda japonesa, con el arroz de grano medio, es perfecto para preparar sushi en casa por su textura y exquisito sabor. Prepara makis, nigiris, yakimeshi o simplemente arroz al vapor. <\/p>\n<p>Este arroz para sushi de grano medio es saludable por su bajo contenido en sodio y colesterol que lo convierte en un producto b\u00e1sico en tu despensa.<\/p>\n","protected":false},"excerpt":{"rendered":"<p><strong>Contenido: 700g de Arroz de grano medio para preparar sushi.<\/strong><\/p>\n<p> Es perfecto para preparar sushi en casa por su textura y exquisito sabor. Prepara makis, nigiris, yakimeshi o simplemente arroz al vapor.<\/p>\n","protected":false},"featured_media":3892,"comment_status":"closed","ping_status":"closed","template":"","meta":{"_uf_show_specific_survey":0,"_uf_disable_surveys":false},"product_cat":[252],"product_tag":[265,268],"aioseo_notices":[],"jetpack_sharing_enabled":true,"_links":{"self":[{"href":"https:\/\/satoru.com.mx\/index.php?rest_route=\/wp\/v2\/product\/5205"}],"collection":[{"href":"https:\/\/satoru.com.mx\/index.php?rest_route=\/wp\/v2\/product"}],"about":[{"href":"https:\/\/satoru.com.mx\/index.php?rest_route=\/wp\/v2\/types\/product"}],"replies":[{"embeddable":true,"href":"https:\/\/satoru.com.mx\/index.php?rest_route=%2Fwp%2Fv2%2Fcomments&post=5205"}],"wp:featuredmedia":[{"embeddable":true,"href":"https:\/\/satoru.com.mx\/index.php?rest_route=\/wp\/v2\/media\/3892"}],"wp:attachment":[{"href":"https:\/\/satoru.com.mx\/index.php?rest_route=%2Fwp%2Fv2%2Fmedia&parent=5205"}],"wp:term":[{"taxonomy":"product_cat","embeddable":true,"href":"https:\/\/satoru.com.mx\/index.php?rest_route=%2Fwp%2Fv2%2Fproduct_cat&post=5205"},{"taxonomy":"product_tag","embeddable":true,"href":"https:\/\/satoru.com.mx\/index.php?rest_route=%2Fwp%2Fv2%2Fproduct_tag&post=5205"}],"curies":[{"name":"wp","href":"https:\/\/api.w.org\/{rel}","templated":true}]}}