{"id":5199,"date":"2024-03-12T16:10:29","date_gmt":"2024-03-12T16:10:29","guid":{"rendered":"https:\/\/satoru.com.mx\/?product=arcon-navideno-oriental-sake-hide-y-pastas-orientales"},"modified":"2025-11-13T00:18:37","modified_gmt":"2025-11-13T00:18:37","slug":"arcon-navideno-oriental-sake-hide-y-pastas-orientales","status":"publish","type":"product","link":"https:\/\/satoru.com.mx\/?product=arcon-navideno-oriental-sake-hide-y-pastas-orientales","title":{"rendered":"Arc\u00f3n Navide\u00f1o Oriental, Sake Hide y Pastas orientales"},"content":{"rendered":"<p>Arc\u00f3n Navide\u00f1o Oriental de Pastas es el kit perfecto para preparar deliciosos platos orientales durante la \u00e9poca navide\u00f1a. Este combo incluye fideos asi\u00e1ticos tradicionales, para preparar una cena variada\u00a0en estas fechas. Comparte la alegr\u00eda de la Navidad con tu familia y amigos con este regalo culinario \u00fanico.<\/p>\n","protected":false},"excerpt":{"rendered":"<p><strong>Este Kit contiene:<\/strong>\u00a0<br \/>\n1 pieza pasta para preparar ramen<br \/>\n1 pieza pasta para preparar sopa miso<br \/>\n1 pieza vermicelli<br \/>\n1 pieza fideos de harina de trigo udon<br \/>\n1 pieza fideos de arroz rice stick chantaboon<br \/>\n1 pieza gomitas, dulce tipico japones sabor uva y mango<br \/>\n1 botella de sake hide 350 ml<\/p>\n","protected":false},"featured_media":3867,"comment_status":"closed","ping_status":"closed","template":"","meta":{"_uf_show_specific_survey":0,"_uf_disable_surveys":false},"product_cat":[262],"product_tag":[263],"aioseo_notices":[],"jetpack_sharing_enabled":true,"_links":{"self":[{"href":"https:\/\/satoru.com.mx\/index.php?rest_route=\/wp\/v2\/product\/5199"}],"collection":[{"href":"https:\/\/satoru.com.mx\/index.php?rest_route=\/wp\/v2\/product"}],"about":[{"href":"https:\/\/satoru.com.mx\/index.php?rest_route=\/wp\/v2\/types\/product"}],"replies":[{"embeddable":true,"href":"https:\/\/satoru.com.mx\/index.php?rest_route=%2Fwp%2Fv2%2Fcomments&post=5199"}],"wp:featuredmedia":[{"embeddable":true,"href":"https:\/\/satoru.com.mx\/index.php?rest_route=\/wp\/v2\/media\/3867"}],"wp:attachment":[{"href":"https:\/\/satoru.com.mx\/index.php?rest_route=%2Fwp%2Fv2%2Fmedia&parent=5199"}],"wp:term":[{"taxonomy":"product_cat","embeddable":true,"href":"https:\/\/satoru.com.mx\/index.php?rest_route=%2Fwp%2Fv2%2Fproduct_cat&post=5199"},{"taxonomy":"product_tag","embeddable":true,"href":"https:\/\/satoru.com.mx\/index.php?rest_route=%2Fwp%2Fv2%2Fproduct_tag&post=5199"}],"curies":[{"name":"wp","href":"https:\/\/api.w.org\/{rel}","templated":true}]}}