{"id":5198,"date":"2024-03-12T16:10:29","date_gmt":"2024-03-12T16:10:29","guid":{"rendered":"https:\/\/satoru.com.mx\/?product=arcon-navideno-oriental-para-preparar-sushi"},"modified":"2024-11-12T18:06:48","modified_gmt":"2024-11-12T18:06:48","slug":"arcon-navideno-oriental-para-preparar-sushi","status":"publish","type":"product","link":"https:\/\/satoru.com.mx\/?product=arcon-navideno-oriental-para-preparar-sushi","title":{"rendered":"Arc\u00f3n navide\u00f1o oriental para preparar Sushi"},"content":{"rendered":"<p>Arc\u00f3n Navide\u00f1o para preparar sushi: \u00bfBuscas algo diferente para Navidad este a\u00f1o? \u00bfPor qu\u00e9 no pruebas a hacer tu propio sushi con este Arcon navide\u00f1o para hacer sushi? Incluye todo lo que necesitas para comenzar y, con instrucciones f\u00e1ciles de seguir, estar\u00e1 preparando un delicioso sushi en muy poco tiempo.<\/p>\n","protected":false},"excerpt":{"rendered":"<p><strong>Este Kit contiene:<br \/>\n1 pieza arroz japones rojo para shushi sin sabor a\u00f1adido<\/strong>\u00a0<br \/>\n1 pieza arroz japones grano medio para preparar sushi<br \/>\n2 pieza alga marina para sushi nori<br \/>\n1 pieza vinagre de arroz para preparar sushi<br \/>\n1 pieza ajonjoli color rojo rainbow<br \/>\n1 pieza ajonjoli color verde rainbow<br \/>\n1 pieza salsa de soya<br \/>\n1 pieza fideos de harina de trigo udon<br \/>\n1 pieza vermicelli<br \/>\n1 pieza makisu, tapete para hacer sushi<br \/>\n1 pieza ohashi con 40 pares<br \/>\n1 pieza galleta de la suerte 10 pzas<br \/>\n1 pieza gomitas, dulce tipico japones sabor uva y mango<\/p>\n","protected":false},"featured_media":3866,"comment_status":"closed","ping_status":"closed","template":"","meta":{"_uf_show_specific_survey":0,"_uf_disable_surveys":false},"product_cat":[262],"product_tag":[263],"aioseo_notices":[],"jetpack_sharing_enabled":true,"_links":{"self":[{"href":"https:\/\/satoru.com.mx\/index.php?rest_route=\/wp\/v2\/product\/5198"}],"collection":[{"href":"https:\/\/satoru.com.mx\/index.php?rest_route=\/wp\/v2\/product"}],"about":[{"href":"https:\/\/satoru.com.mx\/index.php?rest_route=\/wp\/v2\/types\/product"}],"replies":[{"embeddable":true,"href":"https:\/\/satoru.com.mx\/index.php?rest_route=%2Fwp%2Fv2%2Fcomments&post=5198"}],"wp:featuredmedia":[{"embeddable":true,"href":"https:\/\/satoru.com.mx\/index.php?rest_route=\/wp\/v2\/media\/3866"}],"wp:attachment":[{"href":"https:\/\/satoru.com.mx\/index.php?rest_route=%2Fwp%2Fv2%2Fmedia&parent=5198"}],"wp:term":[{"taxonomy":"product_cat","embeddable":true,"href":"https:\/\/satoru.com.mx\/index.php?rest_route=%2Fwp%2Fv2%2Fproduct_cat&post=5198"},{"taxonomy":"product_tag","embeddable":true,"href":"https:\/\/satoru.com.mx\/index.php?rest_route=%2Fwp%2Fv2%2Fproduct_tag&post=5198"}],"curies":[{"name":"wp","href":"https:\/\/api.w.org\/{rel}","templated":true}]}}