{"id":5187,"date":"2024-03-12T16:10:25","date_gmt":"2024-03-12T16:10:25","guid":{"rendered":"https:\/\/satoru.com.mx\/?product=ajonjoli-morado-de-75g-rainbow"},"modified":"2024-11-12T18:06:47","modified_gmt":"2024-11-12T18:06:47","slug":"ajonjoli-morado-de-75g-rainbow","status":"publish","type":"product","link":"https:\/\/satoru.com.mx\/?product=ajonjoli-morado-de-75g-rainbow","title":{"rendered":"Ajonjol\u00ed morado de 75g"},"content":{"rendered":"<p>Ajonjol\u00ed morado SATORU\u00ae para platillos divertidos. Si buscas alternativas para preparar comidas originales, con este ajonjol\u00ed morado podr\u00e1s decorar tu sushi y otros platillos de una manera divertida y diferente, ideal para fiestas o reuniones especiales.<\/p>\n<p>Este ajonjol\u00ed morado sin sabor a\u00f1adido es f\u00e1cil de usar en sushi, ensaladas y pan, adem\u00e1s es una fuente natural de magnesio, omega 3 y fibra. El colorante es 100% vegetal y no contiene sodio ni gluten.<\/p>\n<p>Si buscas nuevas alternativas para hacer platillos Divertidos y Diferentes. Descubre en nuestra l\u00ednea Rainbow, el Ajonjol\u00ed para preparar Sushi de colores Naranja, Rojo, Verde y Morado.<\/p>\n","protected":false},"excerpt":{"rendered":"<p><strong>Contenido: 75 gramos de Ajonjol\u00ed color Morado<\/strong><\/p>\n<p>Con este ajonjol\u00ed morado podr\u00e1s decorar tu sushi y otros platillos de una manera divertida y diferente, ideal para fiestas o reuniones especiales.<\/p>\n<p>Descubre en nuestra l\u00ednea Rainbow, el Ajonjol\u00ed para preparar Sushi de colores Naranja, Rojo, Verde y Morado.<\/p>\n","protected":false},"featured_media":3840,"comment_status":"closed","ping_status":"closed","template":"","meta":{"_uf_show_specific_survey":0,"_uf_disable_surveys":false},"product_cat":[252],"product_tag":[254,255,253],"aioseo_notices":[],"jetpack_sharing_enabled":true,"_links":{"self":[{"href":"https:\/\/satoru.com.mx\/index.php?rest_route=\/wp\/v2\/product\/5187"}],"collection":[{"href":"https:\/\/satoru.com.mx\/index.php?rest_route=\/wp\/v2\/product"}],"about":[{"href":"https:\/\/satoru.com.mx\/index.php?rest_route=\/wp\/v2\/types\/product"}],"replies":[{"embeddable":true,"href":"https:\/\/satoru.com.mx\/index.php?rest_route=%2Fwp%2Fv2%2Fcomments&post=5187"}],"wp:featuredmedia":[{"embeddable":true,"href":"https:\/\/satoru.com.mx\/index.php?rest_route=\/wp\/v2\/media\/3840"}],"wp:attachment":[{"href":"https:\/\/satoru.com.mx\/index.php?rest_route=%2Fwp%2Fv2%2Fmedia&parent=5187"}],"wp:term":[{"taxonomy":"product_cat","embeddable":true,"href":"https:\/\/satoru.com.mx\/index.php?rest_route=%2Fwp%2Fv2%2Fproduct_cat&post=5187"},{"taxonomy":"product_tag","embeddable":true,"href":"https:\/\/satoru.com.mx\/index.php?rest_route=%2Fwp%2Fv2%2Fproduct_tag&post=5187"}],"curies":[{"name":"wp","href":"https:\/\/api.w.org\/{rel}","templated":true}]}}