{"id":5186,"date":"2024-03-12T16:10:24","date_gmt":"2024-03-12T16:10:24","guid":{"rendered":"https:\/\/satoru.com.mx\/?product=ajonjoli-enchilado-picante-sin-cuticula-de-1-kilo"},"modified":"2024-11-12T18:06:47","modified_gmt":"2024-11-12T18:06:47","slug":"ajonjoli-enchilado-picante-sin-cuticula-de-1-kilo","status":"publish","type":"product","link":"https:\/\/satoru.com.mx\/?product=ajonjoli-enchilado-picante-sin-cuticula-de-1-kilo","title":{"rendered":"Ajonjol\u00ed enchilado picante sin cut\u00edcula de 1 kilo"},"content":{"rendered":"<p>Excelente opci\u00f3n para adornar y complementar sus ensaladas, j\u00edcamas o zanahorias con lim\u00f3n y sal, caldos, bebidas, sushi, alitas o sazonar sus platillos principales con el toque picosito de este complemento nutritivo.<\/p>\n<p>Nuestro Ajonjol\u00ed Picante esta hecho a base de Chile de \u00c1rbol, Chile Guajillo Amartajado, \u00c1cido C\u00edtrico, Aceite de Soya y Sal. El ajonjol\u00ed\u00ad es un planta cultivada por sus semillas ricas en aceite que se emplean en la gastronom\u00eda y reposter\u00eda para decorar. Se usa para sushi, ensaladas y en el pan.<\/p>\n<p>Es una buena fuente de magnesio, omega 3 fibra y potasio.<\/p>\n<p>No contiene gluten.<\/p>\n","protected":false},"excerpt":{"rendered":"<p><strong>Contenido: 1 kilo de Ajonjol\u00ed enchilado picante sin cut\u00edcula<\/strong><\/p>\n<p>Excelente opci\u00f3n para adornar y complementar sus ensaladas, j\u00edcamas o zanahorias con lim\u00f3n y sal, caldos, bebidas, sushi, alitas o sazonar sus platillos principales con el toque picosito de este complemento nutritivo.<\/p>\n<p>Es una buena fuente de magnesio, omega 3 fibra y potasio.<\/p>\n","protected":false},"featured_media":4261,"comment_status":"closed","ping_status":"closed","template":"","meta":{"_uf_show_specific_survey":0,"_uf_disable_surveys":false},"product_cat":[252,339],"product_tag":[257,253],"aioseo_notices":[],"jetpack_sharing_enabled":true,"_links":{"self":[{"href":"https:\/\/satoru.com.mx\/index.php?rest_route=\/wp\/v2\/product\/5186"}],"collection":[{"href":"https:\/\/satoru.com.mx\/index.php?rest_route=\/wp\/v2\/product"}],"about":[{"href":"https:\/\/satoru.com.mx\/index.php?rest_route=\/wp\/v2\/types\/product"}],"replies":[{"embeddable":true,"href":"https:\/\/satoru.com.mx\/index.php?rest_route=%2Fwp%2Fv2%2Fcomments&post=5186"}],"wp:featuredmedia":[{"embeddable":true,"href":"https:\/\/satoru.com.mx\/index.php?rest_route=\/wp\/v2\/media\/4261"}],"wp:attachment":[{"href":"https:\/\/satoru.com.mx\/index.php?rest_route=%2Fwp%2Fv2%2Fmedia&parent=5186"}],"wp:term":[{"taxonomy":"product_cat","embeddable":true,"href":"https:\/\/satoru.com.mx\/index.php?rest_route=%2Fwp%2Fv2%2Fproduct_cat&post=5186"},{"taxonomy":"product_tag","embeddable":true,"href":"https:\/\/satoru.com.mx\/index.php?rest_route=%2Fwp%2Fv2%2Fproduct_tag&post=5186"}],"curies":[{"name":"wp","href":"https:\/\/api.w.org\/{rel}","templated":true}]}}