{"id":5183,"date":"2024-03-12T16:10:23","date_gmt":"2024-03-12T16:10:23","guid":{"rendered":"https:\/\/satoru.com.mx\/?product=ohashi-palillos-de-bambu-40-pares"},"modified":"2026-03-09T14:58:19","modified_gmt":"2026-03-09T14:58:19","slug":"ohashi-palillos-de-bambu-40-pares","status":"publish","type":"product","link":"https:\/\/satoru.com.mx\/?product=ohashi-palillos-de-bambu-40-pares","title":{"rendered":"Ohashi (Palillos de Bamb\u00fa) 40 Pares"},"content":{"rendered":"<p>Si te gusta preparar comida Oriental o Sushi en casa, seguramente en m\u00e1s de una ocasi\u00f3n se te ha complicado adquirir todos los utensilios necesarios.<\/p>\n<p>No te compliques m\u00e1s, con Satoru encontrar\u00e1s en un solo sitio todos los utensilios para hacer Sushi en casa, incluyendo los Ohashi (Palillos de bamb\u00fa) con los que podr\u00e1s sujetar tus rollos apropiadamente.<\/p>\n<p>\u00a1Come sushi como todo un experto! Incluye varios Ohashi, utensilios necesarios para comer diversos alimentos de la comida oriental. Una forma m\u00e1s de complementar tu experiencia culinaria con la comida Oriental y el Sushi.<\/p>\n<p>Cuentas con 40 pares de Ohashi. As\u00ed contar\u00e1s con los palillos de\u00a0bamb\u00fa suficientes para compartir tu Sushi con m\u00e1s invitados y disfrutar un gran momento con tus personas favoritas.<\/p>\n","protected":false},"excerpt":{"rendered":"<p>Contiene: 1 Paquete con 40 pares de Ohashi (Palillos de Bamb\u00fa)<\/p>\n<p>Si te gusta preparar comida Oriental o Sushi en casa, seguramente en m\u00e1s de una ocasi\u00f3n se te ha complicado adquirir todos los utensilios necesarios.<\/p>\n<p>No te compliques m\u00e1s, con Satoru encontrar\u00e1s en un solo sitio todos los utensilios para hacer Sushi en casa, incluyendo los Ohashi (Palillos de bamb\u00fa) con los que podr\u00e1s sujetar tus rollos apropiadamente.<\/p>\n<p>\u00a1Come sushi como todo un experto! Incluye varios Ohashi, utensilios necesarios para comer diversos alimentos de la comida oriental. Una forma m\u00e1s de complementar tu experiencia culinaria con la comida Oriental y el Sushi.<\/p>\n<p>Cuentas con 40 pares de Ohashi. As\u00ed contar\u00e1s con los palillos de\u00a0bamb\u00fa suficientes para compartir tu Sushi con m\u00e1s invitados y disfrutar un gran momento con tus personas favoritas.<\/p>\n","protected":false},"featured_media":4413,"comment_status":"closed","ping_status":"closed","template":"","meta":{"_uf_show_specific_survey":0,"_uf_disable_surveys":false},"product_cat":[277],"product_tag":[329,330],"aioseo_notices":[],"jetpack_sharing_enabled":true,"_links":{"self":[{"href":"https:\/\/satoru.com.mx\/index.php?rest_route=\/wp\/v2\/product\/5183"}],"collection":[{"href":"https:\/\/satoru.com.mx\/index.php?rest_route=\/wp\/v2\/product"}],"about":[{"href":"https:\/\/satoru.com.mx\/index.php?rest_route=\/wp\/v2\/types\/product"}],"replies":[{"embeddable":true,"href":"https:\/\/satoru.com.mx\/index.php?rest_route=%2Fwp%2Fv2%2Fcomments&post=5183"}],"wp:featuredmedia":[{"embeddable":true,"href":"https:\/\/satoru.com.mx\/index.php?rest_route=\/wp\/v2\/media\/4413"}],"wp:attachment":[{"href":"https:\/\/satoru.com.mx\/index.php?rest_route=%2Fwp%2Fv2%2Fmedia&parent=5183"}],"wp:term":[{"taxonomy":"product_cat","embeddable":true,"href":"https:\/\/satoru.com.mx\/index.php?rest_route=%2Fwp%2Fv2%2Fproduct_cat&post=5183"},{"taxonomy":"product_tag","embeddable":true,"href":"https:\/\/satoru.com.mx\/index.php?rest_route=%2Fwp%2Fv2%2Fproduct_tag&post=5183"}],"curies":[{"name":"wp","href":"https:\/\/api.w.org\/{rel}","templated":true}]}}