{"id":6020,"date":"2024-03-23T01:00:10","date_gmt":"2024-03-23T01:00:10","guid":{"rendered":"https:\/\/satoru.com.mx\/?page_id=6020"},"modified":"2024-03-25T16:09:35","modified_gmt":"2024-03-25T16:09:35","slug":"politica-de-envios","status":"publish","type":"page","link":"https:\/\/satoru.com.mx\/?page_id=6020","title":{"rendered":"Pol\u00edtica de env\u00edos"},"content":{"rendered":"<p><strong>\u00bfCu\u00e1ndo ser\u00e1 procesado mi pedido?<\/strong><\/p><p>Todos los pedidos se manejan y se env\u00edan desde nuestro almac\u00e9n. Por favor, espere un tiempo adicional para que su pedido sea procesado durante las vacaciones y las temporadas de rebajas. Procesamos pedidos de lunes a viernes. Los pedidos se procesar\u00e1n dentro de 3-5 d\u00edas h\u00e1biles a partir de la fecha del pedido y se enviar\u00e1n al d\u00eda siguiente despu\u00e9s del d\u00eda de procesamiento. Tenga en cuenta que no enviamos los fines de semana.<\/p><p><strong>\u00bfCu\u00e1nto tiempo llevar\u00e1 recibir mi pedido?<\/strong><\/p><p>Una vez que realice su pedido, espere de&nbsp;2 a&nbsp;3 d\u00edas h\u00e1biles para procesar sus pedidos. Despu\u00e9s de eso, tomar\u00e1 entre&nbsp;4&nbsp;y&nbsp;5 d\u00edas h\u00e1biles para la entrega en los en la ciudad de M\u00e9xico y \u00c1rea Metropolitana, y entre&nbsp;9 y&nbsp;11 d\u00edas h\u00e1biles para los pedidos&nbsp;en el resto del pa\u00eds&nbsp;(seg\u00fan la ubicaci\u00f3n).<\/p><p><strong>\u00bfMe cobrar\u00e1n impuestos y aduanas?<\/strong><\/p><p>Los precios que se muestran en nuestro sitio est\u00e1n libres de impuestos.<\/p>","protected":false},"excerpt":{"rendered":"<p>\u00bfCu\u00e1ndo ser\u00e1 procesado mi pedido? Todos los pedidos se manejan y se env\u00edan desde nuestro almac\u00e9n. Por favor, espere un tiempo adicional para que su pedido sea procesado durante las vacaciones y las temporadas de rebajas. Procesamos pedidos de lunes a viernes. Los pedidos se procesar\u00e1n dentro de 3-5 d\u00edas h\u00e1biles a partir de la<\/p>\n<div class=\"klb-readmore entry-button\"><a class=\"btn btn-primary link\" href=\"https:\/\/satoru.com.mx\/?page_id=6020\">Read More <i class=\"klbth-icon-right-arrow\"><\/i><\/a><\/div>\n","protected":false},"author":2,"featured_media":0,"parent":0,"menu_order":0,"comment_status":"closed","ping_status":"closed","template":"","meta":{"_uf_show_specific_survey":0,"_uf_disable_surveys":false,"footnotes":""},"aioseo_notices":[],"jetpack_sharing_enabled":true,"_links":{"self":[{"href":"https:\/\/satoru.com.mx\/index.php?rest_route=\/wp\/v2\/pages\/6020"}],"collection":[{"href":"https:\/\/satoru.com.mx\/index.php?rest_route=\/wp\/v2\/pages"}],"about":[{"href":"https:\/\/satoru.com.mx\/index.php?rest_route=\/wp\/v2\/types\/page"}],"author":[{"embeddable":true,"href":"https:\/\/satoru.com.mx\/index.php?rest_route=\/wp\/v2\/users\/2"}],"replies":[{"embeddable":true,"href":"https:\/\/satoru.com.mx\/index.php?rest_route=%2Fwp%2Fv2%2Fcomments&post=6020"}],"version-history":[{"count":2,"href":"https:\/\/satoru.com.mx\/index.php?rest_route=\/wp\/v2\/pages\/6020\/revisions"}],"predecessor-version":[{"id":6059,"href":"https:\/\/satoru.com.mx\/index.php?rest_route=\/wp\/v2\/pages\/6020\/revisions\/6059"}],"wp:attachment":[{"href":"https:\/\/satoru.com.mx\/index.php?rest_route=%2Fwp%2Fv2%2Fmedia&parent=6020"}],"curies":[{"name":"wp","href":"https:\/\/api.w.org\/{rel}","templated":true}]}}